{"id":1950,"date":"2019-04-10T16:54:00","date_gmt":"2019-04-10T14:54:00","guid":{"rendered":"https:\/\/rifugiodorigoni.it\/accesso\/"},"modified":"2019-04-10T16:54:00","modified_gmt":"2019-04-10T14:54:00","slug":"accesso","status":"publish","type":"page","link":"https:\/\/rifugiodorigoni.it\/en\/accesso\/","title":{"rendered":"Accesso"},"content":{"rendered":"<div class=\"wpb-content-wrapper\"><p>[vc_row][vc_column][vc_single_image image=&#8221;692&#8243; img_size=&#8221;full&#8221; alignment=&#8221;center&#8221; style=&#8221;vc_box_shadow_3d&#8221; onclick=&#8221;link_image&#8221;][\/vc_column][\/vc_row][vc_row css=&#8221;.vc_custom_1547817466497{margin-top: 50px !important;margin-bottom: 50px !important;}&#8221;][vc_column width=&#8221;1\/3&#8243;][vc_column_text]<\/p>\n<h2>Rifugio Dorigoni<\/h2>\n<h4>Come raggiungerci<\/h4>\n<p>[\/vc_column_text][\/vc_column][vc_column width=&#8221;2\/3&#8243;][vc_column_text]<\/p>\n<h4>Coordinate GPS<\/h4>\n<p><i class=\"fa fa-compass\"> <\/i> <strong>Rifugio Dorigoni<\/strong> 46.46077 E ; 10.75206 N<br \/>\n<i class=\"fa fa-compass\"> <\/i> <strong>Parcheggio auto del Coler<\/strong> N 46\u00b0 24&#8242; 694, E 10\u00b0 47&#8242; 299<br \/>\n<i class=\"fa fa-compass\"> <\/i> <strong>Parcheggio Plaze dei Forni<\/strong> N 46\u00b0, E 10\u00b0[\/vc_column_text][\/vc_column][\/vc_row][vc_row css=&#8221;.vc_custom_1547817466497{margin-top: 50px !important;margin-bottom: 50px !important;}&#8221;][vc_column width=&#8221;1\/3&#8243;][\/vc_column][vc_column width=&#8221;2\/3&#8243;][vc_column_text]<\/p>\n<h4>Il Sentiero<\/h4>\n<p>Il sentiero di accesso al Rifugio Dorigoni (2436 m) dalla Val di Rabbi \u00e8 il <strong>numero 106<\/strong>.<br \/>\nL\u2019itinerario si sviluppa tra bosco e prateria alpina in un ambiente di grande pregio naturale.<\/p>\n<p>Il <strong>dislivello<\/strong> \u00e8 di <strong>900 m dalla Malga Stablas\u00f2lo<\/strong> (1539 m) e di <strong>1050 m dal parcheggio del C\u00f2ler<\/strong> (1380) con uno sviluppo di circa <strong>7- 8 km<\/strong>.<\/p>\n<p>Il tempo indicativo di percorrenza \u00e8 di <strong>circa 3.00 ore<\/strong> \u2013 tabelle CAI.<\/p>\n<p>L\u2019intera area non \u00e8 coperta da reti mobili n\u00e9 voce n\u00e9 dati.<\/p>\n<p>Per chi arriva in Valle per la prima volta queste le indicazione principali:<\/p>\n<ul>\n<li><strong>FINO A FINE GIUGNO E DALLA PRIMA SETTIMANA DI SETTEMBRE<\/strong>\n<ul>\n<li>Mal\u00e9 &gt; S. Bernardo di Rabbi &gt; Piazzola di Rabbi &gt; Somrabbi &gt; Parcheggio Coler (1380 m),<\/li>\n<\/ul>\n<\/li>\n<li><strong>DA FINE GIUGNO ALLA PRIMA SETTIMANA DI SETTEMBRE | STELVIOBUS-LINEA 1 | SEGUIRE INDICAZIONI STRADALI\u00a0<\/strong>\n<ul>\n<li>Mal\u00e9 &gt; S. Bernardo di Rabbi &gt; Rabbi Fonti &#8211; loc. Plaze dei Forni (Parcheggio Terminal &#8211; costo giornaliero 5,00 euro)<\/li>\n<li>proseguire con StelvioBus &#8211; Linea 1, fino al Parcheggio del Coler (1380 m)<\/li>\n<\/ul>\n<\/li>\n<\/ul>\n<p>Dal Parcheggio del Coler si prosegue a piedi su strada forestale fino alla Malga Stablasol (15 minuti) e da qui a voi la scelta se percorrere il sentiero 106, mantenendo la sinistra (dx orografica) sino alla Malga Stablet, Centro Visitatori del Parco, oppure se prendere il sentiero per le Cascate di Saent sulla destra (sx orografica). Quest\u2019ultimo allunga il percorso di circa 20 minuti ma ne vale la pena!<\/p>\n<p>Le due varianti si ricollegano al <strong>Doss della Cross<\/strong>, <strong>ultimo punto dove \u00e8 possibile telefonare o ricevere dati con il telefono cellulare.<\/strong><\/p>\n<p>Proseguendo, il sentiero attraversa il Pr\u00e0 di Saent e sale fino a Malga Vecla dove il sentiero prende il nome di <strong>&#8220;Sentiero degli Alpinisti&#8221;<\/strong> \u2013 \u00e8 il tratto pi\u00f9 ripido e di maggiore dislivello che porta fino a quota 2100 m &#8211; La Palina.<br \/>\nCosteggiando il versante sinistro del Torrente Rabbies (dx orografica) si raggiungere il Rifugio, in un ambiente di grande pregio naturale.<\/p>\n<p>A questo link mappa e GPX:<br \/>\n<a href=\"https:\/\/www.outdooractive.com\/it\/route\/sentiero-alpinistico\/val-di-sole-pejo-e-rabbi\/cascate-saent-rifugio-dorigoni\/115412933\/#dmdtab=oax-tab3\" target=\"_blank\" rel=\"noopener noreferrer\"><i class=\"fa fa-external-link\" aria-hidden=\"true\"> <\/i>Escursione al Rifugio Dorigoni, Val di Rabbi &#8211; Trentino<\/a><\/p>\n<hr \/>\n<h4>StelvioBus<\/h4>\n<p>In Val di Rabbi stiamo sperimentando un nuovo progetto legato alla<strong>\u00a0mobilit\u00e0 sostenibile<\/strong> che propone un servizio navetta -Stelvio Bus- per l\u2019accesso al Parcheggio del Coler, principale punto di partenza per l\u2019escursione al Rifugio Dorigoni dalla Val di Rabbi.<\/p>\n<p>Questo significa in estrema sintesi <strong>meno auto e pi\u00f9 camminate tranquille per tutti!<\/strong><\/p>\n<p>Tutti i giorni d fine giugno alla prima settimana di settembre <strong>dalle ore 09:45 alle 17:00 la viabilit\u00e0 \u00e8 chiusa al traffico delle auto<\/strong> ed il Parco dello Stelvio mette a disposizione un parcheggio (costo 5,00 euro) in localit\u00e0 &#8220;Plaze dei Forni&#8221; e numerose navette che collegano i nostri ospiti ai principali punti di interesse ed itinerari escursionistici.<\/p>\n<p>Il <strong>Parcheggio del C\u00f2ler<\/strong> sar\u00e0 accessibile esclusivamente <strong>fino alle 9:45<\/strong> &#8211; il costo del parcheggio auto giornaliero \u00e8 di <strong>5,00 euro<\/strong>.<\/p>\n<hr \/>\n<h5>Servizio Navette<\/h5>\n<ul>\n<li><strong>Linea 1:<\/strong> Plazze dei Forni \u2013 C\u00f2ler | ogni 15 minuti dalle 10.00 alle 18.15 (ogni 30 minuti dalle 12.30 alle 15.30)<\/li>\n<\/ul>\n<hr \/>\n<h5>Prezzi Navette<\/h5>\n<ul>\n<li>\u20ac 2,00 adulti<\/li>\n<li>gratuito bambini (0 &#8211; 11 anni)<\/li>\n<li>\u20ac 1,00 adulti con Rabbi Card e Opportunity Card (gratuito bambini &lt;12 anni)<\/li>\n<\/ul>\n<p>Per info:<br \/>\n<a href=\"https:\/\/www.visitvaldisole.it\/it\/stelviobus-rabbi\" target=\"_blank\" rel=\"noopener noreferrer\"><i class=\"fa fa-external-link\" aria-hidden=\"true\">\u00a0<\/i>StelvioBus &#8211; Val di Rabbi<\/a>[\/vc_column_text][\/vc_column][\/vc_row][vc_row full_width=&#8221;stretch_row&#8221; css=&#8221;.vc_custom_1554904570115{padding-top: 35px !important;padding-bottom: 35px !important;background-color: #f4f4f4 !important;}&#8221;][vc_column][vc_column_text css=&#8221;.vc_custom_1552985130625{margin-bottom: 30px !important;}&#8221;]<\/p>\n<h3 class=\"aligncenter\">News dai nostri Social<\/h3>\n<p>[\/vc_column_text][\/vc_column][\/vc_row]<\/p>\n<\/div>","protected":false},"excerpt":{"rendered":"<p>[vc_row][vc_column][vc_single_image image=&#8221;692&#8243; img_size=&#8221;full&#8221; alignment=&#8221;center&#8221; style=&#8221;vc_box_shadow_3d&#8221; onclick=&#8221;link_image&#8221;][\/vc_column][\/vc_row][vc_row css=&#8221;.vc_custom_1547817466497{margin-top: 50px !important;margin-bottom: 50px !important;}&#8221;][vc_column width=&#8221;1\/3&#8243;][vc_column_text] Rifugio Dorigoni Come raggiungerci [\/vc_column_text][\/vc_column][vc_column width=&#8221;2\/3&#8243;][vc_column_text] Coordinate GPS Rifugio Dorigoni 46.46077 E ; 10.75206 N Parcheggio auto del Coler N 46\u00b0 24&#8242; 694, E 10\u00b0 47&#8242; 299 Parcheggio Plaze dei Forni N 46\u00b0, E 10\u00b0[\/vc_column_text][\/vc_column][\/vc_row][vc_row css=&#8221;.vc_custom_1547817466497{margin-top: 50px !important;margin-bottom: 50px !important;}&#8221;][vc_column width=&#8221;1\/3&#8243;][\/vc_column][vc_column width=&#8221;2\/3&#8243;][vc_column_text] Il<\/p>\n","protected":false},"author":1,"featured_media":0,"parent":0,"menu_order":0,"comment_status":"closed","ping_status":"closed","template":"","meta":{"footnotes":""},"class_list":["post-1950","page","type-page","status-publish","hentry"],"yoast_head":"<!-- This site is optimized with the Yoast SEO plugin v27.3 - https:\/\/yoast.com\/product\/yoast-seo-wordpress\/ -->\n<title>Accesso - Rifugio Dorigoni | 2.436 M<\/title>\n<meta name=\"robots\" content=\"index, follow, max-snippet:-1, max-image-preview:large, max-video-preview:-1\" \/>\n<link rel=\"canonical\" href=\"https:\/\/rifugiodorigoni.it\/en\/accesso\/\" \/>\n<meta property=\"og:locale\" content=\"en_US\" \/>\n<meta property=\"og:type\" content=\"article\" \/>\n<meta property=\"og:title\" content=\"Accesso - Rifugio Dorigoni | 2.436 M\" \/>\n<meta property=\"og:description\" content=\"[vc_row][vc_column][vc_single_image image=&#8221;692&#8243; img_size=&#8221;full&#8221; alignment=&#8221;center&#8221; style=&#8221;vc_box_shadow_3d&#8221; onclick=&#8221;link_image&#8221;][\/vc_column][\/vc_row][vc_row css=&#8221;.vc_custom_1547817466497{margin-top: 50px !important;margin-bottom: 50px !important;}&#8221;][vc_column width=&#8221;1\/3&#8243;][vc_column_text] Rifugio Dorigoni Come raggiungerci [\/vc_column_text][\/vc_column][vc_column width=&#8221;2\/3&#8243;][vc_column_text] Coordinate GPS Rifugio Dorigoni 46.46077 E ; 10.75206 N Parcheggio auto del Coler N 46\u00b0 24&#8242; 694, E 10\u00b0 47&#8242; 299 Parcheggio Plaze dei Forni N 46\u00b0, E 10\u00b0[\/vc_column_text][\/vc_column][\/vc_row][vc_row css=&#8221;.vc_custom_1547817466497{margin-top: 50px !important;margin-bottom: 50px !important;}&#8221;][vc_column width=&#8221;1\/3&#8243;][\/vc_column][vc_column width=&#8221;2\/3&#8243;][vc_column_text] Il\" \/>\n<meta property=\"og:url\" content=\"https:\/\/rifugiodorigoni.it\/en\/accesso\/\" \/>\n<meta property=\"og:site_name\" content=\"Rifugio Dorigoni | 2.436 M\" \/>\n<meta name=\"twitter:card\" content=\"summary_large_image\" \/>\n<meta name=\"twitter:label1\" content=\"Est. reading time\" \/>\n\t<meta name=\"twitter:data1\" content=\"3 minutes\" \/>\n<script type=\"application\/ld+json\" class=\"yoast-schema-graph\">{\"@context\":\"https:\\\/\\\/schema.org\",\"@graph\":[{\"@type\":\"WebPage\",\"@id\":\"https:\\\/\\\/rifugiodorigoni.it\\\/en\\\/accesso\\\/\",\"url\":\"https:\\\/\\\/rifugiodorigoni.it\\\/en\\\/accesso\\\/\",\"name\":\"Accesso - Rifugio Dorigoni | 2.436 M\",\"isPartOf\":{\"@id\":\"https:\\\/\\\/rifugiodorigoni.it\\\/#website\"},\"datePublished\":\"2019-04-10T14:54:00+00:00\",\"breadcrumb\":{\"@id\":\"https:\\\/\\\/rifugiodorigoni.it\\\/en\\\/accesso\\\/#breadcrumb\"},\"inLanguage\":\"en-US\",\"potentialAction\":[{\"@type\":\"ReadAction\",\"target\":[\"https:\\\/\\\/rifugiodorigoni.it\\\/en\\\/accesso\\\/\"]}]},{\"@type\":\"BreadcrumbList\",\"@id\":\"https:\\\/\\\/rifugiodorigoni.it\\\/en\\\/accesso\\\/#breadcrumb\",\"itemListElement\":[{\"@type\":\"ListItem\",\"position\":1,\"name\":\"Home\",\"item\":\"https:\\\/\\\/rifugiodorigoni.it\\\/en\\\/\"},{\"@type\":\"ListItem\",\"position\":2,\"name\":\"Accesso\"}]},{\"@type\":\"WebSite\",\"@id\":\"https:\\\/\\\/rifugiodorigoni.it\\\/#website\",\"url\":\"https:\\\/\\\/rifugiodorigoni.it\\\/\",\"name\":\"Rifugio Dorigoni | 2.436 M\",\"description\":\"Natural Alpine Experience\",\"publisher\":{\"@id\":\"https:\\\/\\\/rifugiodorigoni.it\\\/#organization\"},\"potentialAction\":[{\"@type\":\"SearchAction\",\"target\":{\"@type\":\"EntryPoint\",\"urlTemplate\":\"https:\\\/\\\/rifugiodorigoni.it\\\/?s={search_term_string}\"},\"query-input\":{\"@type\":\"PropertyValueSpecification\",\"valueRequired\":true,\"valueName\":\"search_term_string\"}}],\"inLanguage\":\"en-US\"},{\"@type\":\"Organization\",\"@id\":\"https:\\\/\\\/rifugiodorigoni.it\\\/#organization\",\"name\":\"Rifugio Dorigoni\",\"url\":\"https:\\\/\\\/rifugiodorigoni.it\\\/\",\"logo\":{\"@type\":\"ImageObject\",\"inLanguage\":\"en-US\",\"@id\":\"https:\\\/\\\/rifugiodorigoni.it\\\/#\\\/schema\\\/logo\\\/image\\\/\",\"url\":\"https:\\\/\\\/rifugiodorigoni.it\\\/wp-content\\\/uploads\\\/2020\\\/03\\\/rifugio-dorigoni-sat.svg\",\"contentUrl\":\"https:\\\/\\\/rifugiodorigoni.it\\\/wp-content\\\/uploads\\\/2020\\\/03\\\/rifugio-dorigoni-sat.svg\",\"width\":1,\"height\":1,\"caption\":\"Rifugio Dorigoni\"},\"image\":{\"@id\":\"https:\\\/\\\/rifugiodorigoni.it\\\/#\\\/schema\\\/logo\\\/image\\\/\"}}]}<\/script>\n<!-- \/ Yoast SEO plugin. -->","yoast_head_json":{"title":"Accesso - Rifugio Dorigoni | 2.436 M","robots":{"index":"index","follow":"follow","max-snippet":"max-snippet:-1","max-image-preview":"max-image-preview:large","max-video-preview":"max-video-preview:-1"},"canonical":"https:\/\/rifugiodorigoni.it\/en\/accesso\/","og_locale":"en_US","og_type":"article","og_title":"Accesso - Rifugio Dorigoni | 2.436 M","og_description":"[vc_row][vc_column][vc_single_image image=&#8221;692&#8243; img_size=&#8221;full&#8221; alignment=&#8221;center&#8221; style=&#8221;vc_box_shadow_3d&#8221; onclick=&#8221;link_image&#8221;][\/vc_column][\/vc_row][vc_row css=&#8221;.vc_custom_1547817466497{margin-top: 50px !important;margin-bottom: 50px !important;}&#8221;][vc_column width=&#8221;1\/3&#8243;][vc_column_text] Rifugio Dorigoni Come raggiungerci [\/vc_column_text][\/vc_column][vc_column width=&#8221;2\/3&#8243;][vc_column_text] Coordinate GPS Rifugio Dorigoni 46.46077 E ; 10.75206 N Parcheggio auto del Coler N 46\u00b0 24&#8242; 694, E 10\u00b0 47&#8242; 299 Parcheggio Plaze dei Forni N 46\u00b0, E 10\u00b0[\/vc_column_text][\/vc_column][\/vc_row][vc_row css=&#8221;.vc_custom_1547817466497{margin-top: 50px !important;margin-bottom: 50px !important;}&#8221;][vc_column width=&#8221;1\/3&#8243;][\/vc_column][vc_column width=&#8221;2\/3&#8243;][vc_column_text] Il","og_url":"https:\/\/rifugiodorigoni.it\/en\/accesso\/","og_site_name":"Rifugio Dorigoni | 2.436 M","twitter_card":"summary_large_image","twitter_misc":{"Est. reading time":"3 minutes"},"schema":{"@context":"https:\/\/schema.org","@graph":[{"@type":"WebPage","@id":"https:\/\/rifugiodorigoni.it\/en\/accesso\/","url":"https:\/\/rifugiodorigoni.it\/en\/accesso\/","name":"Accesso - Rifugio Dorigoni | 2.436 M","isPartOf":{"@id":"https:\/\/rifugiodorigoni.it\/#website"},"datePublished":"2019-04-10T14:54:00+00:00","breadcrumb":{"@id":"https:\/\/rifugiodorigoni.it\/en\/accesso\/#breadcrumb"},"inLanguage":"en-US","potentialAction":[{"@type":"ReadAction","target":["https:\/\/rifugiodorigoni.it\/en\/accesso\/"]}]},{"@type":"BreadcrumbList","@id":"https:\/\/rifugiodorigoni.it\/en\/accesso\/#breadcrumb","itemListElement":[{"@type":"ListItem","position":1,"name":"Home","item":"https:\/\/rifugiodorigoni.it\/en\/"},{"@type":"ListItem","position":2,"name":"Accesso"}]},{"@type":"WebSite","@id":"https:\/\/rifugiodorigoni.it\/#website","url":"https:\/\/rifugiodorigoni.it\/","name":"Rifugio Dorigoni | 2.436 M","description":"Natural Alpine Experience","publisher":{"@id":"https:\/\/rifugiodorigoni.it\/#organization"},"potentialAction":[{"@type":"SearchAction","target":{"@type":"EntryPoint","urlTemplate":"https:\/\/rifugiodorigoni.it\/?s={search_term_string}"},"query-input":{"@type":"PropertyValueSpecification","valueRequired":true,"valueName":"search_term_string"}}],"inLanguage":"en-US"},{"@type":"Organization","@id":"https:\/\/rifugiodorigoni.it\/#organization","name":"Rifugio Dorigoni","url":"https:\/\/rifugiodorigoni.it\/","logo":{"@type":"ImageObject","inLanguage":"en-US","@id":"https:\/\/rifugiodorigoni.it\/#\/schema\/logo\/image\/","url":"https:\/\/rifugiodorigoni.it\/wp-content\/uploads\/2020\/03\/rifugio-dorigoni-sat.svg","contentUrl":"https:\/\/rifugiodorigoni.it\/wp-content\/uploads\/2020\/03\/rifugio-dorigoni-sat.svg","width":1,"height":1,"caption":"Rifugio Dorigoni"},"image":{"@id":"https:\/\/rifugiodorigoni.it\/#\/schema\/logo\/image\/"}}]}},"_links":{"self":[{"href":"https:\/\/rifugiodorigoni.it\/en\/wp-json\/wp\/v2\/pages\/1950","targetHints":{"allow":["GET"]}}],"collection":[{"href":"https:\/\/rifugiodorigoni.it\/en\/wp-json\/wp\/v2\/pages"}],"about":[{"href":"https:\/\/rifugiodorigoni.it\/en\/wp-json\/wp\/v2\/types\/page"}],"author":[{"embeddable":true,"href":"https:\/\/rifugiodorigoni.it\/en\/wp-json\/wp\/v2\/users\/1"}],"replies":[{"embeddable":true,"href":"https:\/\/rifugiodorigoni.it\/en\/wp-json\/wp\/v2\/comments?post=1950"}],"version-history":[{"count":0,"href":"https:\/\/rifugiodorigoni.it\/en\/wp-json\/wp\/v2\/pages\/1950\/revisions"}],"wp:attachment":[{"href":"https:\/\/rifugiodorigoni.it\/en\/wp-json\/wp\/v2\/media?parent=1950"}],"curies":[{"name":"wp","href":"https:\/\/api.w.org\/{rel}","templated":true}]}}