{"id":1960,"date":"2020-02-03T14:52:27","date_gmt":"2020-02-03T13:52:27","guid":{"rendered":"https:\/\/rifugiodorigoni.it\/escursioni-in-natura\/"},"modified":"2020-02-03T14:52:27","modified_gmt":"2020-02-03T13:52:27","slug":"escursioni-in-natura","status":"publish","type":"page","link":"https:\/\/rifugiodorigoni.it\/en\/escursioni-in-natura\/","title":{"rendered":"Le escursioni nel Parco dello Stelvio"},"content":{"rendered":"<div class=\"wpb-content-wrapper\"><p>[vc_row][vc_column][vc_single_image image=&#8221;973&#8243; img_size=&#8221;full&#8221; alignment=&#8221;center&#8221; style=&#8221;vc_box_shadow_3d&#8221;][\/vc_column][\/vc_row][vc_row css=&#8221;.vc_custom_1547817466497{margin-top: 50px !important;margin-bottom: 50px !important;}&#8221;][vc_column][vc_column_text css=&#8221;.vc_custom_1583065510879{margin-bottom: 50px !important;}&#8221;]<\/p>\n<h2 style=\"text-align: center;\">Escursioni tra gli ambienti<\/h2>\n<h2 style=\"text-align: center;\">di pregio naturale<\/h2>\n<h4 style=\"text-align: center;\">del Parco Nazionale dello Stelvio<\/h4>\n<p>[\/vc_column_text][\/vc_column][\/vc_row][vc_row css=&#8221;.vc_custom_1547817466497{margin-top: 50px !important;margin-bottom: 50px !important;}&#8221;][vc_column width=&#8221;1\/3&#8243;][vc_column_text]<\/p>\n<h5 style=\"text-align: left;\">Il percorso naturale dei Laghi Sternai<\/h5>\n<p>[\/vc_column_text][vc_raw_js]JTNDc2NyaXB0JTIwdHlwZSUzRCUyMnRleHQlMkZqYXZhc2NyaXB0JTIyJTIwc3JjJTNEJTIyaHR0cHMlM0ElMkYlMkZ3d3cub3V0ZG9vcmFjdGl2ZS5jb20lMkZpdCUyRmVtYmVkJTJGMjg3ODE3MTclMkZqcyUzRm13JTNEdHJ1ZSUyMiUzRSUzQyUyRnNjcmlwdCUzRQ==[\/vc_raw_js][vc_empty_space][\/vc_column][vc_column width=&#8221;1\/3&#8243;][vc_column_text]<\/p>\n<h5 style=\"text-align: left;\">Rifugio Dorigoni &#8211; Baito Campisol\u00a0 Sentiero 128<\/h5>\n<p>[\/vc_column_text][vc_raw_js]JTNDc2NyaXB0JTIwdHlwZSUzRCUyMnRleHQlMkZqYXZhc2NyaXB0JTIyJTIwc3JjJTNEJTIyaHR0cHMlM0ElMkYlMkZ3d3cub3V0ZG9vcmFjdGl2ZS5jb20lMkZpdCUyRmVtYmVkJTJGMjI0ODc4NTUlMkZqcyUzRm13JTNEdHJ1ZSUyMiUzRSUzQyUyRnNjcmlwdCUzRQ==[\/vc_raw_js][vc_empty_space][\/vc_column][vc_column width=&#8221;1\/3&#8243;][vc_column_text]<\/p>\n<h5 style=\"text-align: left;\">Rifugio Dorigoni &#8211; Rifugio Cevedale &#8211; Rifugio Corsi-Zufallh\u00fctte<\/h5>\n<p>[\/vc_column_text][vc_raw_js]JTNDc2NyaXB0JTIwdHlwZSUzRCUyMnRleHQlMkZqYXZhc2NyaXB0JTIyJTIwc3JjJTNEJTIyaHR0cHMlM0ElMkYlMkZ3d3cub3V0ZG9vcmFjdGl2ZS5jb20lMkZpdCUyRmVtYmVkJTJGMjI1NzcwOTclMkZqcyUzRm13JTNEdHJ1ZSUyMiUzRSUzQyUyRnNjcmlwdCUzRQ==[\/vc_raw_js][vc_empty_space][\/vc_column][\/vc_row][vc_row css=&#8221;.vc_custom_1547817466497{margin-top: 50px !important;margin-bottom: 50px !important;}&#8221;][vc_column width=&#8221;1\/3&#8243;][vc_column_text]<\/p>\n<h5 style=\"text-align: left;\">Rifugio Dorigoni &#8211; Lago della Valletta &#8211; 2349 m<\/h5>\n<p>[\/vc_column_text][vc_single_image image=&#8221;1309&#8243; img_size=&#8221;full&#8221; alignment=&#8221;center&#8221;][vc_column_text]<\/p>\n<p style=\"text-align: left;\">Il laghetto della Valletta \u00e8 un suggestivo specchio d&#8217;acqua molto panoramico che si affaccia sulla Val di Rabbi.<\/p>\n<p style=\"text-align: left;\">A pochi minuti dal Rifugio, \u00e8 un breve &#8220;fuoripista&#8221; per la discesa a valle.<\/p>\n<p style=\"text-align: left;\">Per raggiungere il Lago della Valletta &#8211; 2349 m, dal Rifugio Dorigoni si scende verso valle lungo il sentiero 106. Dopo pochi minuti di camminata si raggiunge il bivio con il sentiero per il Baito Campisolo (n\u00b0128). Da questo punto si lascia il sentiero e, spalle al Rifugio, si prosegue in linea retta lungo il crinale per un centinaio di metri.<\/p>\n<p style=\"text-align: left;\">Il laghetto \u00e8 davvero pittoresco e dalla sua sponda pi\u00f9 estrema si gode di un bel panorama sulla Val di Rabbi.<\/p>\n<table border=\"0\" width=\"470\">\n<tbody>\n<tr>\n<td width=\"150\">TEMPO DI PERCORRENZA<\/td>\n<td width=\"240\">15 min<\/td>\n<\/tr>\n<tr>\n<td width=\"150\">DISLIVELLO IN SALITA<\/td>\n<td><\/td>\n<\/tr>\n<tr>\n<td width=\"150\">DISLIVELLO IN DISCESA<\/td>\n<td>87 m<\/td>\n<\/tr>\n<tr>\n<td width=\"150\">ESPOSIZIONE<\/td>\n<td>S-E<\/td>\n<\/tr>\n<tr>\n<td width=\"150\">DIFFICOLTA&#8217;<\/td>\n<td>escursione facile senza sentiero che richiede capacit\u00e0 di orientamento<\/td>\n<\/tr>\n<tr>\n<td width=\"150\">PREPARAZIONE FISICA<\/td>\n<td>escursionista normale &gt;&gt;&gt; 300 m di dislivello all&#8217;ora in salita<\/td>\n<\/tr>\n<tr>\n<td width=\"150\">ATTREZZATURA<\/td>\n<td>scarpe da trekking, zaino, borraccia, giacca a vento leggera, carta topografica, bussola e\/o gps<\/td>\n<\/tr>\n<\/tbody>\n<\/table>\n<p>[\/vc_column_text][vc_empty_space][\/vc_column][vc_column width=&#8221;1\/3&#8243;][vc_column_text]<\/p>\n<h5 style=\"text-align: left;\">Rifugio Dorigoni &#8211; Campisol Alto &#8211; 2433 m<\/h5>\n<p>[\/vc_column_text][vc_column_text]Piacevole escursione su pratria alpina, che porta al Baito di Campisolo Alto con il suo grazioso laghetto alpino.<\/p>\n<p>Attraversato il prato sottostante il Rifugio Dorigoni, al bivio tra il sentiero n\u00b0 106 e n\u00b0 128, si imbocca quest&#8217;ultimo per raggiungere il Baito della Valletta. A questo punto sulla destra parte il sentiero per Campisol Alto, segnato da radi ometti in pietra. Il percorso, pur non presentando particolari difficolt\u00e0 a livello tecnico, richiede comunque una buona capacit\u00e0 di orientamento.<\/p>\n<table border=\"0\" width=\"470\">\n<tbody>\n<tr>\n<td width=\"150\">TEMPO DI PERCORRENZA<\/td>\n<td width=\"240\">2 h<\/td>\n<\/tr>\n<tr>\n<td width=\"150\">DISLIVELLO IN SALITA<\/td>\n<td>400 m<\/td>\n<\/tr>\n<tr>\n<td width=\"150\">DISLIVELLO IN DISCESA<\/td>\n<td>200 m<\/td>\n<\/tr>\n<tr>\n<td width=\"150\">ESPOSIZIONE<\/td>\n<td>S-E<\/td>\n<\/tr>\n<tr>\n<td width=\"150\">DIFFICOLTA&#8217;<\/td>\n<td>Escursione facile senza sentiero che richiede buona capacit\u00e0 di orientamento<\/td>\n<\/tr>\n<tr>\n<td width=\"150\">PREPARAZIONE FISICA<\/td>\n<td>Escursionista normale &gt;&gt;&gt; 300 m di dislivello all&#8217;ora in salita<\/td>\n<\/tr>\n<tr>\n<td width=\"150\">ATTREZZATURA<\/td>\n<td>Scarpe da trekking, zaino, borraccia, giacca a vento leggera, carta topografica, bussola e\/o gps<\/td>\n<\/tr>\n<\/tbody>\n<\/table>\n<p>[\/vc_column_text][vc_empty_space][\/vc_column][vc_column width=&#8221;1\/3&#8243;][vc_column_text]<\/p>\n<h5 style=\"text-align: left;\">Rifugio Dorigoni &#8211; Rifugio Lago Corvo \/ Haselgruber H\u00fctte &#8211; 2437 m<\/h5>\n<p>[\/vc_column_text][vc_column_text]E&#8217; un&#8217;attraversata classica su sentireo morenico, con circa 500 m di dislivello in salita e altrettanti in discesa. Dalla Cima Collecchio (2957 m), al confine fra il Trentino e il Sudtirolo, il panorama \u00e8 spettacolare e, se si parte di buon mattino, \u00e8 facile avvistare qualche camoscio. Il percorso \u00e8 adatto anche ai ragazzi.<\/p>\n<p>Dal Rifugio Dorigoni lungo il sentiero n\u00b0 107 si giunge al Passo Giogo Nero (2825 m) &#8211; facoltativa \u00e8 la salita alla Cima Collecchio (2957 m), poi seguendo il sentiero n\u00b0 145 si scende al Rifugio Lago Corvo passando fra gli omonimi laghi in cui vive il salmerino.<\/p>\n<table border=\"0\" width=\"470\">\n<tbody>\n<tr>\n<td width=\"150\">TEMPO DI PERCORRENZA<\/td>\n<td width=\"240\">3,5 h<\/td>\n<\/tr>\n<tr>\n<td width=\"150\">DISLIVELLO IN SALITA<\/td>\n<td>521 m<\/td>\n<\/tr>\n<tr>\n<td width=\"150\">DISLIVELLO IN DISCESA<\/td>\n<td>520 m<\/td>\n<\/tr>\n<tr>\n<td width=\"150\">ESPOSIZIONE<\/td>\n<td>S-W<\/td>\n<\/tr>\n<tr>\n<td width=\"150\">DIFFICOLTA&#8217;<\/td>\n<td>Escursione media su sentiero morenico ben segnato che richiede attenzione<\/td>\n<\/tr>\n<tr>\n<td width=\"150\">PREPARAZIONE FISICA<\/td>\n<td>Escursionista normale &gt;&gt;&gt; 300 m di dislivello all&#8217;ora in salita<\/td>\n<\/tr>\n<tr>\n<td width=\"150\">ATTREZZATURA<\/td>\n<td>Scarpe da trekking, zaino, borraccia, giacca a vento leggera<\/td>\n<\/tr>\n<\/tbody>\n<\/table>\n<p>[\/vc_column_text][vc_empty_space][\/vc_column][\/vc_row][vc_row css=&#8221;.vc_custom_1547817466497{margin-top: 50px !important;margin-bottom: 50px !important;}&#8221;][vc_column width=&#8221;1\/3&#8243;][vc_column_text]<\/p>\n<h5 style=\"text-align: left;\">Rifugio Dorigoni &#8211;\u00a0Rifugio Canziani &#8211; H\u00f6chsterh\u00fctte &#8211; 2561 m<\/h5>\n<p>[\/vc_column_text][vc_column_text]La traversata al Rifugio Canziani -H\u00f6chsterh\u00fctte- in Val d&#8217;Ultimo \u00e8 una delle proposte pi\u00f9 gettonate dagli escursionisti. Il percorso, facile ed adatto anche ai pi\u00f9 giovani, spazia tra coste rocciose e prateria alpina.<\/p>\n<p>Partendo dal Rifugio si segue il sentiero 107 che porta al Giogo Nero (2825 m), con un panorama grandioso sulla Val di S\u00e0ent. L&#8217;itinerario prosegue in discesa fino nei pressi del Lago Lungo (2340 m). Da qui si prende il sentiero nr. 12 che porta direttamente al Rifugio Canziani passando sulla diga del Lago Verde.<\/p>\n<p>Un&#8217;alternativa che permette il rientro in Val di Rabbi \u00e8 quella, sempre in corrispondenza del bivio con il 107, di seguire il sentiero nr.12 andando per\u00f2 verso destra e salendo fino al Giogo di Montechiesa (2789 m) per poi ridiscendere a valle passando per il Rifugio Lago Corvo (2425 m).<\/p>\n<table border=\"0\" width=\"470\">\n<tbody>\n<tr>\n<td width=\"150\">TEMPO DI PERCORRENZA<\/td>\n<td width=\"240\">4 h<\/td>\n<\/tr>\n<tr>\n<td width=\"150\">DISLIVELLO IN SALITA<\/td>\n<td>389 m<\/td>\n<\/tr>\n<tr>\n<td width=\"150\">DISLIVELLO IN DISCESA<\/td>\n<td>264 m<\/td>\n<\/tr>\n<tr>\n<td width=\"150\">ESPOSIZIONE<\/td>\n<td>S-W\/S-E<\/td>\n<\/tr>\n<tr>\n<td width=\"150\">DIFFICOLTA&#8217;<\/td>\n<td>escursione media su sentiero morenico segnato<\/td>\n<\/tr>\n<tr>\n<td width=\"150\">PREPARAZIONE FISICA<\/td>\n<td>escursionista normale &gt;&gt;&gt; 300 m di dislivello all&#8217;ora in salita<\/td>\n<\/tr>\n<tr>\n<td width=\"150\">ATTREZZATURA<\/td>\n<td>scarpe da trekking, zaino, borraccia, giacca a vento leggera<\/td>\n<\/tr>\n<\/tbody>\n<\/table>\n<p>[\/vc_column_text][vc_empty_space][\/vc_column][\/vc_row]<\/p>\n<\/div>","protected":false},"excerpt":{"rendered":"<p>[vc_row][vc_column][vc_single_image image=&#8221;973&#8243; img_size=&#8221;full&#8221; alignment=&#8221;center&#8221; style=&#8221;vc_box_shadow_3d&#8221;][\/vc_column][\/vc_row][vc_row css=&#8221;.vc_custom_1547817466497{margin-top: 50px !important;margin-bottom: 50px !important;}&#8221;][vc_column][vc_column_text css=&#8221;.vc_custom_1583065510879{margin-bottom: 50px !important;}&#8221;] Escursioni tra gli ambienti di pregio naturale del Parco Nazionale dello Stelvio [\/vc_column_text][\/vc_column][\/vc_row][vc_row css=&#8221;.vc_custom_1547817466497{margin-top: 50px !important;margin-bottom: 50px !important;}&#8221;][vc_column width=&#8221;1\/3&#8243;][vc_column_text] Il percorso naturale dei Laghi Sternai [\/vc_column_text][vc_raw_js]JTNDc2NyaXB0JTIwdHlwZSUzRCUyMnRleHQlMkZqYXZhc2NyaXB0JTIyJTIwc3JjJTNEJTIyaHR0cHMlM0ElMkYlMkZ3d3cub3V0ZG9vcmFjdGl2ZS5jb20lMkZpdCUyRmVtYmVkJTJGMjg3ODE3MTclMkZqcyUzRm13JTNEdHJ1ZSUyMiUzRSUzQyUyRnNjcmlwdCUzRQ==[\/vc_raw_js][vc_empty_space][\/vc_column][vc_column width=&#8221;1\/3&#8243;][vc_column_text] Rifugio Dorigoni &#8211; Baito Campisol\u00a0 Sentiero 128 [\/vc_column_text][vc_raw_js]JTNDc2NyaXB0JTIwdHlwZSUzRCUyMnRleHQlMkZqYXZhc2NyaXB0JTIyJTIwc3JjJTNEJTIyaHR0cHMlM0ElMkYlMkZ3d3cub3V0ZG9vcmFjdGl2ZS5jb20lMkZpdCUyRmVtYmVkJTJGMjI0ODc4NTUlMkZqcyUzRm13JTNEdHJ1ZSUyMiUzRSUzQyUyRnNjcmlwdCUzRQ==[\/vc_raw_js][vc_empty_space][\/vc_column][vc_column width=&#8221;1\/3&#8243;][vc_column_text] Rifugio Dorigoni &#8211; Rifugio Cevedale &#8211;<\/p>\n","protected":false},"author":2,"featured_media":0,"parent":0,"menu_order":0,"comment_status":"closed","ping_status":"closed","template":"","meta":{"footnotes":""},"class_list":["post-1960","page","type-page","status-publish","hentry"],"yoast_head":"<!-- This site is optimized with the Yoast SEO plugin v27.3 - https:\/\/yoast.com\/product\/yoast-seo-wordpress\/ -->\n<title>Le escursioni nel Parco dello Stelvio - Rifugio Dorigoni | 2.436 M<\/title>\n<meta name=\"robots\" content=\"index, follow, max-snippet:-1, max-image-preview:large, max-video-preview:-1\" \/>\n<link rel=\"canonical\" href=\"https:\/\/rifugiodorigoni.it\/en\/escursioni-in-natura\/\" \/>\n<meta property=\"og:locale\" content=\"en_US\" \/>\n<meta property=\"og:type\" content=\"article\" \/>\n<meta property=\"og:title\" content=\"Le escursioni nel Parco dello Stelvio - Rifugio Dorigoni | 2.436 M\" \/>\n<meta property=\"og:description\" content=\"[vc_row][vc_column][vc_single_image image=&#8221;973&#8243; img_size=&#8221;full&#8221; alignment=&#8221;center&#8221; style=&#8221;vc_box_shadow_3d&#8221;][\/vc_column][\/vc_row][vc_row css=&#8221;.vc_custom_1547817466497{margin-top: 50px !important;margin-bottom: 50px !important;}&#8221;][vc_column][vc_column_text css=&#8221;.vc_custom_1583065510879{margin-bottom: 50px !important;}&#8221;] Escursioni tra gli ambienti di pregio naturale del Parco Nazionale dello Stelvio [\/vc_column_text][\/vc_column][\/vc_row][vc_row css=&#8221;.vc_custom_1547817466497{margin-top: 50px !important;margin-bottom: 50px !important;}&#8221;][vc_column width=&#8221;1\/3&#8243;][vc_column_text] Il percorso naturale dei Laghi Sternai [\/vc_column_text][vc_raw_js]JTNDc2NyaXB0JTIwdHlwZSUzRCUyMnRleHQlMkZqYXZhc2NyaXB0JTIyJTIwc3JjJTNEJTIyaHR0cHMlM0ElMkYlMkZ3d3cub3V0ZG9vcmFjdGl2ZS5jb20lMkZpdCUyRmVtYmVkJTJGMjg3ODE3MTclMkZqcyUzRm13JTNEdHJ1ZSUyMiUzRSUzQyUyRnNjcmlwdCUzRQ==[\/vc_raw_js][vc_empty_space][\/vc_column][vc_column width=&#8221;1\/3&#8243;][vc_column_text] Rifugio Dorigoni &#8211; Baito Campisol\u00a0 Sentiero 128 [\/vc_column_text][vc_raw_js]JTNDc2NyaXB0JTIwdHlwZSUzRCUyMnRleHQlMkZqYXZhc2NyaXB0JTIyJTIwc3JjJTNEJTIyaHR0cHMlM0ElMkYlMkZ3d3cub3V0ZG9vcmFjdGl2ZS5jb20lMkZpdCUyRmVtYmVkJTJGMjI0ODc4NTUlMkZqcyUzRm13JTNEdHJ1ZSUyMiUzRSUzQyUyRnNjcmlwdCUzRQ==[\/vc_raw_js][vc_empty_space][\/vc_column][vc_column width=&#8221;1\/3&#8243;][vc_column_text] Rifugio Dorigoni &#8211; Rifugio Cevedale &#8211;\" \/>\n<meta property=\"og:url\" content=\"https:\/\/rifugiodorigoni.it\/en\/escursioni-in-natura\/\" \/>\n<meta property=\"og:site_name\" content=\"Rifugio Dorigoni | 2.436 M\" \/>\n<meta name=\"twitter:card\" content=\"summary_large_image\" \/>\n<meta name=\"twitter:label1\" content=\"Est. reading time\" \/>\n\t<meta name=\"twitter:data1\" content=\"5 minutes\" \/>\n<script type=\"application\/ld+json\" class=\"yoast-schema-graph\">{\"@context\":\"https:\\\/\\\/schema.org\",\"@graph\":[{\"@type\":\"WebPage\",\"@id\":\"https:\\\/\\\/rifugiodorigoni.it\\\/en\\\/escursioni-in-natura\\\/\",\"url\":\"https:\\\/\\\/rifugiodorigoni.it\\\/en\\\/escursioni-in-natura\\\/\",\"name\":\"Le escursioni nel Parco dello Stelvio - Rifugio Dorigoni | 2.436 M\",\"isPartOf\":{\"@id\":\"https:\\\/\\\/rifugiodorigoni.it\\\/#website\"},\"datePublished\":\"2020-02-03T13:52:27+00:00\",\"breadcrumb\":{\"@id\":\"https:\\\/\\\/rifugiodorigoni.it\\\/en\\\/escursioni-in-natura\\\/#breadcrumb\"},\"inLanguage\":\"en-US\",\"potentialAction\":[{\"@type\":\"ReadAction\",\"target\":[\"https:\\\/\\\/rifugiodorigoni.it\\\/en\\\/escursioni-in-natura\\\/\"]}]},{\"@type\":\"BreadcrumbList\",\"@id\":\"https:\\\/\\\/rifugiodorigoni.it\\\/en\\\/escursioni-in-natura\\\/#breadcrumb\",\"itemListElement\":[{\"@type\":\"ListItem\",\"position\":1,\"name\":\"Home\",\"item\":\"https:\\\/\\\/rifugiodorigoni.it\\\/en\\\/\"},{\"@type\":\"ListItem\",\"position\":2,\"name\":\"Le escursioni nel Parco dello Stelvio\"}]},{\"@type\":\"WebSite\",\"@id\":\"https:\\\/\\\/rifugiodorigoni.it\\\/#website\",\"url\":\"https:\\\/\\\/rifugiodorigoni.it\\\/\",\"name\":\"Rifugio Dorigoni | 2.436 M\",\"description\":\"Natural Alpine Experience\",\"publisher\":{\"@id\":\"https:\\\/\\\/rifugiodorigoni.it\\\/#organization\"},\"potentialAction\":[{\"@type\":\"SearchAction\",\"target\":{\"@type\":\"EntryPoint\",\"urlTemplate\":\"https:\\\/\\\/rifugiodorigoni.it\\\/?s={search_term_string}\"},\"query-input\":{\"@type\":\"PropertyValueSpecification\",\"valueRequired\":true,\"valueName\":\"search_term_string\"}}],\"inLanguage\":\"en-US\"},{\"@type\":\"Organization\",\"@id\":\"https:\\\/\\\/rifugiodorigoni.it\\\/#organization\",\"name\":\"Rifugio Dorigoni\",\"url\":\"https:\\\/\\\/rifugiodorigoni.it\\\/\",\"logo\":{\"@type\":\"ImageObject\",\"inLanguage\":\"en-US\",\"@id\":\"https:\\\/\\\/rifugiodorigoni.it\\\/#\\\/schema\\\/logo\\\/image\\\/\",\"url\":\"https:\\\/\\\/rifugiodorigoni.it\\\/wp-content\\\/uploads\\\/2020\\\/03\\\/rifugio-dorigoni-sat.svg\",\"contentUrl\":\"https:\\\/\\\/rifugiodorigoni.it\\\/wp-content\\\/uploads\\\/2020\\\/03\\\/rifugio-dorigoni-sat.svg\",\"width\":1,\"height\":1,\"caption\":\"Rifugio Dorigoni\"},\"image\":{\"@id\":\"https:\\\/\\\/rifugiodorigoni.it\\\/#\\\/schema\\\/logo\\\/image\\\/\"}}]}<\/script>\n<!-- \/ Yoast SEO plugin. -->","yoast_head_json":{"title":"Le escursioni nel Parco dello Stelvio - Rifugio Dorigoni | 2.436 M","robots":{"index":"index","follow":"follow","max-snippet":"max-snippet:-1","max-image-preview":"max-image-preview:large","max-video-preview":"max-video-preview:-1"},"canonical":"https:\/\/rifugiodorigoni.it\/en\/escursioni-in-natura\/","og_locale":"en_US","og_type":"article","og_title":"Le escursioni nel Parco dello Stelvio - Rifugio Dorigoni | 2.436 M","og_description":"[vc_row][vc_column][vc_single_image image=&#8221;973&#8243; img_size=&#8221;full&#8221; alignment=&#8221;center&#8221; style=&#8221;vc_box_shadow_3d&#8221;][\/vc_column][\/vc_row][vc_row css=&#8221;.vc_custom_1547817466497{margin-top: 50px !important;margin-bottom: 50px !important;}&#8221;][vc_column][vc_column_text css=&#8221;.vc_custom_1583065510879{margin-bottom: 50px !important;}&#8221;] Escursioni tra gli ambienti di pregio naturale del Parco Nazionale dello Stelvio [\/vc_column_text][\/vc_column][\/vc_row][vc_row css=&#8221;.vc_custom_1547817466497{margin-top: 50px !important;margin-bottom: 50px !important;}&#8221;][vc_column width=&#8221;1\/3&#8243;][vc_column_text] Il percorso naturale dei Laghi Sternai [\/vc_column_text][vc_raw_js]JTNDc2NyaXB0JTIwdHlwZSUzRCUyMnRleHQlMkZqYXZhc2NyaXB0JTIyJTIwc3JjJTNEJTIyaHR0cHMlM0ElMkYlMkZ3d3cub3V0ZG9vcmFjdGl2ZS5jb20lMkZpdCUyRmVtYmVkJTJGMjg3ODE3MTclMkZqcyUzRm13JTNEdHJ1ZSUyMiUzRSUzQyUyRnNjcmlwdCUzRQ==[\/vc_raw_js][vc_empty_space][\/vc_column][vc_column width=&#8221;1\/3&#8243;][vc_column_text] Rifugio Dorigoni &#8211; Baito Campisol\u00a0 Sentiero 128 [\/vc_column_text][vc_raw_js]JTNDc2NyaXB0JTIwdHlwZSUzRCUyMnRleHQlMkZqYXZhc2NyaXB0JTIyJTIwc3JjJTNEJTIyaHR0cHMlM0ElMkYlMkZ3d3cub3V0ZG9vcmFjdGl2ZS5jb20lMkZpdCUyRmVtYmVkJTJGMjI0ODc4NTUlMkZqcyUzRm13JTNEdHJ1ZSUyMiUzRSUzQyUyRnNjcmlwdCUzRQ==[\/vc_raw_js][vc_empty_space][\/vc_column][vc_column width=&#8221;1\/3&#8243;][vc_column_text] Rifugio Dorigoni &#8211; Rifugio Cevedale &#8211;","og_url":"https:\/\/rifugiodorigoni.it\/en\/escursioni-in-natura\/","og_site_name":"Rifugio Dorigoni | 2.436 M","twitter_card":"summary_large_image","twitter_misc":{"Est. reading time":"5 minutes"},"schema":{"@context":"https:\/\/schema.org","@graph":[{"@type":"WebPage","@id":"https:\/\/rifugiodorigoni.it\/en\/escursioni-in-natura\/","url":"https:\/\/rifugiodorigoni.it\/en\/escursioni-in-natura\/","name":"Le escursioni nel Parco dello Stelvio - Rifugio Dorigoni | 2.436 M","isPartOf":{"@id":"https:\/\/rifugiodorigoni.it\/#website"},"datePublished":"2020-02-03T13:52:27+00:00","breadcrumb":{"@id":"https:\/\/rifugiodorigoni.it\/en\/escursioni-in-natura\/#breadcrumb"},"inLanguage":"en-US","potentialAction":[{"@type":"ReadAction","target":["https:\/\/rifugiodorigoni.it\/en\/escursioni-in-natura\/"]}]},{"@type":"BreadcrumbList","@id":"https:\/\/rifugiodorigoni.it\/en\/escursioni-in-natura\/#breadcrumb","itemListElement":[{"@type":"ListItem","position":1,"name":"Home","item":"https:\/\/rifugiodorigoni.it\/en\/"},{"@type":"ListItem","position":2,"name":"Le escursioni nel Parco dello Stelvio"}]},{"@type":"WebSite","@id":"https:\/\/rifugiodorigoni.it\/#website","url":"https:\/\/rifugiodorigoni.it\/","name":"Rifugio Dorigoni | 2.436 M","description":"Natural Alpine Experience","publisher":{"@id":"https:\/\/rifugiodorigoni.it\/#organization"},"potentialAction":[{"@type":"SearchAction","target":{"@type":"EntryPoint","urlTemplate":"https:\/\/rifugiodorigoni.it\/?s={search_term_string}"},"query-input":{"@type":"PropertyValueSpecification","valueRequired":true,"valueName":"search_term_string"}}],"inLanguage":"en-US"},{"@type":"Organization","@id":"https:\/\/rifugiodorigoni.it\/#organization","name":"Rifugio Dorigoni","url":"https:\/\/rifugiodorigoni.it\/","logo":{"@type":"ImageObject","inLanguage":"en-US","@id":"https:\/\/rifugiodorigoni.it\/#\/schema\/logo\/image\/","url":"https:\/\/rifugiodorigoni.it\/wp-content\/uploads\/2020\/03\/rifugio-dorigoni-sat.svg","contentUrl":"https:\/\/rifugiodorigoni.it\/wp-content\/uploads\/2020\/03\/rifugio-dorigoni-sat.svg","width":1,"height":1,"caption":"Rifugio Dorigoni"},"image":{"@id":"https:\/\/rifugiodorigoni.it\/#\/schema\/logo\/image\/"}}]}},"_links":{"self":[{"href":"https:\/\/rifugiodorigoni.it\/en\/wp-json\/wp\/v2\/pages\/1960","targetHints":{"allow":["GET"]}}],"collection":[{"href":"https:\/\/rifugiodorigoni.it\/en\/wp-json\/wp\/v2\/pages"}],"about":[{"href":"https:\/\/rifugiodorigoni.it\/en\/wp-json\/wp\/v2\/types\/page"}],"author":[{"embeddable":true,"href":"https:\/\/rifugiodorigoni.it\/en\/wp-json\/wp\/v2\/users\/2"}],"replies":[{"embeddable":true,"href":"https:\/\/rifugiodorigoni.it\/en\/wp-json\/wp\/v2\/comments?post=1960"}],"version-history":[{"count":0,"href":"https:\/\/rifugiodorigoni.it\/en\/wp-json\/wp\/v2\/pages\/1960\/revisions"}],"wp:attachment":[{"href":"https:\/\/rifugiodorigoni.it\/en\/wp-json\/wp\/v2\/media?parent=1960"}],"curies":[{"name":"wp","href":"https:\/\/api.w.org\/{rel}","templated":true}]}}