{"id":1961,"date":"2020-02-03T14:55:02","date_gmt":"2020-02-03T13:55:02","guid":{"rendered":"https:\/\/rifugiodorigoni.it\/salite-in-quota\/"},"modified":"2020-02-03T14:55:02","modified_gmt":"2020-02-03T13:55:02","slug":"salite-in-quota","status":"publish","type":"page","link":"https:\/\/rifugiodorigoni.it\/en\/salite-in-quota\/","title":{"rendered":"Le Alte Quote"},"content":{"rendered":"<div class=\"wpb-content-wrapper\"><p>[vc_row][vc_column][vc_single_image image=&#8221;777&#8243; img_size=&#8221;full&#8221; alignment=&#8221;center&#8221; style=&#8221;vc_box_shadow_3d&#8221;][\/vc_column][\/vc_row][vc_row css=&#8221;.vc_custom_1547817466497{margin-top: 50px !important;margin-bottom: 50px !important;}&#8221;][vc_column][vc_column_text css=&#8221;.vc_custom_1583089704525{margin-bottom: 50px !important;}&#8221;]<\/p>\n<h2 style=\"text-align: center;\">Le Alte Quote<\/h2>\n<h3 style=\"text-align: center;\">Emozionanti Salite dai panorami grandiosi!<\/h3>\n<p>[\/vc_column_text][\/vc_column][\/vc_row][vc_row css=&#8221;.vc_custom_1547817466497{margin-top: 50px !important;margin-bottom: 50px !important;}&#8221;][vc_column width=&#8221;1\/3&#8243;][vc_column_text]<\/p>\n<h5>Rifugio Dorigoni &#8211; Cima Sternai Settentrionale, 3444 m<\/h5>\n<p>[\/vc_column_text][vc_raw_js]JTNDc2NyaXB0JTIwdHlwZSUzRCUyMnRleHQlMkZqYXZhc2NyaXB0JTIyJTIwc3JjJTNEJTIyaHR0cHMlM0ElMkYlMkZ3d3cub3V0ZG9vcmFjdGl2ZS5jb20lMkZpdCUyRmVtYmVkJTJGMjI1MzYxMDklMkZqcyUzRm13JTNEdHJ1ZSUyMiUzRSUzQyUyRnNjcmlwdCUzRQ==[\/vc_raw_js][vc_empty_space][\/vc_column][vc_column width=&#8221;1\/3&#8243;][vc_column_text]<\/p>\n<h5>Rifugio Dorigoni &#8211; Cima Rossa di Saent, 3347 m<\/h5>\n<p>[\/vc_column_text][vc_raw_js]JTNDc2NyaXB0JTIwdHlwZSUzRCUyMnRleHQlMkZqYXZhc2NyaXB0JTIyJTIwc3JjJTNEJTIyaHR0cHMlM0ElMkYlMkZ3d3cub3V0ZG9vcmFjdGl2ZS5jb20lMkZpdCUyRmVtYmVkJTJGMjI2MTkzNTAlMkZqcyUzRm13JTNEdHJ1ZSUyMiUzRSUzQyUyRnNjcmlwdCUzRQ==[\/vc_raw_js][vc_empty_space][\/vc_column][\/vc_row][vc_row css=&#8221;.vc_custom_1547817466497{margin-top: 50px !important;margin-bottom: 50px !important;}&#8221;][vc_column width=&#8221;1\/3&#8243;][vc_column_text]<\/p>\n<h5>Rifugio Dorigoni &#8211; Cima Saent, 3215 m<\/h5>\n<p>[\/vc_column_text][vc_column_text]La Cima di Saent 3215 m \u00e8 dedicata a chi vuole cimentarsi in un percorso un p\u00f2 diverso, pi\u00f9 divertente e dinamico che ricompensa la fatica offrendo dei magnifici panorami. Si tratta di una semplice via attrezzata accessibile a tutti purch\u00e9 muniti di corda e di un minimo di conoscenza e di esperienza sulle vie in cresta. Partendo dal Rifugio si sale al Passo Saent (2965 m) seguendo il semplice e ben segnato sentiero n\u00b0 101. Da qui si prosegue tenendo la destra su un percorso tutto in cresta, accuratamente attrezzato con riccioli di metallo nei punti pi\u00f9 difficili. Man mano che ci si avvicina alla cima il panorama si apre a 360\u00b0 permettendo di ammirare sia il gruppo dell&#8217;Ortles-Cevedale, sia l&#8217;Adamello-Brenta in tutta la loro maestosit\u00e0. La discesa \u00e8 possibile per il medesimo percorso o lungo un tracciato morenico che parte a destra della cima stessa e che si ricollega al sentiero dei laghetti Sternai.<\/p>\n<table border=\"0\" width=\"470\">\n<tbody>\n<tr>\n<td width=\"150\">TEMPO DI PERCORRENZA<\/td>\n<td width=\"240\">3,5 h<\/td>\n<\/tr>\n<tr>\n<td width=\"150\">DISLIVELLO IN SALITA<\/td>\n<td>779 m<\/td>\n<\/tr>\n<tr>\n<td width=\"150\">DISLIVELLO IN DISCESA<\/td>\n<td>779 m<\/td>\n<\/tr>\n<tr>\n<td width=\"150\">ESPOSIZIONE<\/td>\n<td>S-E \/ N<\/td>\n<\/tr>\n<tr>\n<td width=\"150\">DIFFICOLTA&#8217;<\/td>\n<td>salita alpinistica con tratti di arrampicata su roccia e\/o ghiaccio (conoscenza delle tecniche fondamentali di progressione e assicurazione)<\/td>\n<\/tr>\n<tr>\n<td width=\"150\">PREPARAZIONE FISICA<\/td>\n<td>escursionista &#8211; alpinista allenato &gt;&gt;&gt; 400 m di dislivello all&#8217;ora in salita<\/td>\n<\/tr>\n<tr>\n<td width=\"150\">ATTREZZATURA<\/td>\n<td>scarpe ramponabili, corda, imbragatura, piccozza, ramponi, zaino, borraccia, abbigliamento da alta montagna, guanti, berretto, occhiali e crema da sole, carta topografica, bussola e\/o gps<\/td>\n<\/tr>\n<\/tbody>\n<\/table>\n<p>[\/vc_column_text][vc_empty_space][\/vc_column][vc_column width=&#8221;1\/3&#8243;][vc_column_text]<\/p>\n<h5>Cima Sternai Settentrionale 3444 &#8211; Cima Sternai Meridionale, 3385 m<\/h5>\n<p>[\/vc_column_text][vc_column_text]Itinerario di nuova tracciatura che, creando un percorso ad anello, permette il concatenamento della salita alla Cima Sternai Settentrionale con la attraversata in cresta sulla Cima Meridionale. Circa 200 m sotto la Cima Sternai Settentrionale, in prossimit\u00e0 di una cengia di ghiaia segnalata da tre ometti, la cresta si diparte in direzione sud-est con un sviluppo di circa 1.200 m su cui \u00e8 stato individuato e tracciato un percorso aereo che si mantiene sempre ad una quota superiore ai 3.000 m. Il percorso segue un sistema di cenge molto panoramiche che si mantengono sempre in prossimit\u00e0 della cresta, con un arrampicata su brevi pareti di difficolt\u00e0 di II\u00b0 grado dove ci sono comunque degli ottimi punti di assicurazione. La discesa diretta al Rifugio Dorigoni segue una cresta priva di difficolt\u00e0 e tracciata da segnavia in pietra.<\/p>\n<table border=\"0\" width=\"470\">\n<tbody>\n<tr>\n<td width=\"150\">TEMPO DI PERCORRENZA<\/td>\n<td width=\"240\">4 h<\/td>\n<\/tr>\n<tr>\n<td width=\"150\">DISLIVELLO IN SALITA<\/td>\n<td>908 m<\/td>\n<\/tr>\n<tr>\n<td width=\"150\">DISLIVELLO IN DISCESA<\/td>\n<td>908 m<\/td>\n<\/tr>\n<tr>\n<td width=\"150\">ESPOSIZIONE<\/td>\n<td>W \/ S<\/td>\n<\/tr>\n<tr>\n<td width=\"150\">DIFFICOLTA&#8217;<\/td>\n<td>salita alpinistica con facili tratti di arrampicata su roccia e ghiaccio (conoscenza delle tecniche fondamentali di progressione e assicurazione)<\/td>\n<\/tr>\n<tr>\n<td width=\"150\">PREPARAZIONE FISICA<\/td>\n<td>escursionista &#8211; alpinista allenato &gt;&gt;&gt; 400 m di dislivello all&#8217;ora in salita<\/td>\n<\/tr>\n<tr>\n<td width=\"150\">ATTREZZATURA<\/td>\n<td>scarpe ramponabili, corda, imbragatura, piccozza, ramponi, zaino, borraccia, abbigliamento da alta montagna, guanti, berretto, occhiali e crema da sole, carta topografica, bussola e\/o gps<\/td>\n<\/tr>\n<\/tbody>\n<\/table>\n<p>[\/vc_column_text][vc_empty_space][\/vc_column][\/vc_row]<\/p>\n<\/div>","protected":false},"excerpt":{"rendered":"<p>[vc_row][vc_column][vc_single_image image=&#8221;777&#8243; img_size=&#8221;full&#8221; alignment=&#8221;center&#8221; style=&#8221;vc_box_shadow_3d&#8221;][\/vc_column][\/vc_row][vc_row css=&#8221;.vc_custom_1547817466497{margin-top: 50px !important;margin-bottom: 50px !important;}&#8221;][vc_column][vc_column_text css=&#8221;.vc_custom_1583089704525{margin-bottom: 50px !important;}&#8221;] Le Alte Quote Emozionanti Salite dai panorami grandiosi! [\/vc_column_text][\/vc_column][\/vc_row][vc_row css=&#8221;.vc_custom_1547817466497{margin-top: 50px !important;margin-bottom: 50px !important;}&#8221;][vc_column width=&#8221;1\/3&#8243;][vc_column_text] Rifugio Dorigoni &#8211; Cima Sternai Settentrionale, 3444 m [\/vc_column_text][vc_raw_js]JTNDc2NyaXB0JTIwdHlwZSUzRCUyMnRleHQlMkZqYXZhc2NyaXB0JTIyJTIwc3JjJTNEJTIyaHR0cHMlM0ElMkYlMkZ3d3cub3V0ZG9vcmFjdGl2ZS5jb20lMkZpdCUyRmVtYmVkJTJGMjI1MzYxMDklMkZqcyUzRm13JTNEdHJ1ZSUyMiUzRSUzQyUyRnNjcmlwdCUzRQ==[\/vc_raw_js][vc_empty_space][\/vc_column][vc_column width=&#8221;1\/3&#8243;][vc_column_text] Rifugio Dorigoni &#8211; Cima Rossa di Saent, 3347 m [\/vc_column_text][vc_raw_js]JTNDc2NyaXB0JTIwdHlwZSUzRCUyMnRleHQlMkZqYXZhc2NyaXB0JTIyJTIwc3JjJTNEJTIyaHR0cHMlM0ElMkYlMkZ3d3cub3V0ZG9vcmFjdGl2ZS5jb20lMkZpdCUyRmVtYmVkJTJGMjI2MTkzNTAlMkZqcyUzRm13JTNEdHJ1ZSUyMiUzRSUzQyUyRnNjcmlwdCUzRQ==[\/vc_raw_js][vc_empty_space][\/vc_column][\/vc_row][vc_row css=&#8221;.vc_custom_1547817466497{margin-top: 50px !important;margin-bottom: 50px !important;}&#8221;][vc_column width=&#8221;1\/3&#8243;][vc_column_text] Rifugio<\/p>\n","protected":false},"author":2,"featured_media":0,"parent":0,"menu_order":0,"comment_status":"closed","ping_status":"closed","template":"","meta":{"footnotes":""},"class_list":["post-1961","page","type-page","status-publish","hentry"],"yoast_head":"<!-- This site is optimized with the Yoast SEO plugin v27.3 - https:\/\/yoast.com\/product\/yoast-seo-wordpress\/ -->\n<title>Le Alte Quote - Rifugio Dorigoni | 2.436 M<\/title>\n<meta name=\"robots\" content=\"index, follow, max-snippet:-1, max-image-preview:large, max-video-preview:-1\" \/>\n<link rel=\"canonical\" href=\"https:\/\/rifugiodorigoni.it\/en\/salite-in-quota\/\" \/>\n<meta property=\"og:locale\" content=\"en_US\" \/>\n<meta property=\"og:type\" content=\"article\" \/>\n<meta property=\"og:title\" content=\"Le Alte Quote - Rifugio Dorigoni | 2.436 M\" \/>\n<meta property=\"og:description\" content=\"[vc_row][vc_column][vc_single_image image=&#8221;777&#8243; img_size=&#8221;full&#8221; alignment=&#8221;center&#8221; style=&#8221;vc_box_shadow_3d&#8221;][\/vc_column][\/vc_row][vc_row css=&#8221;.vc_custom_1547817466497{margin-top: 50px !important;margin-bottom: 50px !important;}&#8221;][vc_column][vc_column_text css=&#8221;.vc_custom_1583089704525{margin-bottom: 50px !important;}&#8221;] Le Alte Quote Emozionanti Salite dai panorami grandiosi! [\/vc_column_text][\/vc_column][\/vc_row][vc_row css=&#8221;.vc_custom_1547817466497{margin-top: 50px !important;margin-bottom: 50px !important;}&#8221;][vc_column width=&#8221;1\/3&#8243;][vc_column_text] Rifugio Dorigoni &#8211; Cima Sternai Settentrionale, 3444 m [\/vc_column_text][vc_raw_js]JTNDc2NyaXB0JTIwdHlwZSUzRCUyMnRleHQlMkZqYXZhc2NyaXB0JTIyJTIwc3JjJTNEJTIyaHR0cHMlM0ElMkYlMkZ3d3cub3V0ZG9vcmFjdGl2ZS5jb20lMkZpdCUyRmVtYmVkJTJGMjI1MzYxMDklMkZqcyUzRm13JTNEdHJ1ZSUyMiUzRSUzQyUyRnNjcmlwdCUzRQ==[\/vc_raw_js][vc_empty_space][\/vc_column][vc_column width=&#8221;1\/3&#8243;][vc_column_text] Rifugio Dorigoni &#8211; Cima Rossa di Saent, 3347 m [\/vc_column_text][vc_raw_js]JTNDc2NyaXB0JTIwdHlwZSUzRCUyMnRleHQlMkZqYXZhc2NyaXB0JTIyJTIwc3JjJTNEJTIyaHR0cHMlM0ElMkYlMkZ3d3cub3V0ZG9vcmFjdGl2ZS5jb20lMkZpdCUyRmVtYmVkJTJGMjI2MTkzNTAlMkZqcyUzRm13JTNEdHJ1ZSUyMiUzRSUzQyUyRnNjcmlwdCUzRQ==[\/vc_raw_js][vc_empty_space][\/vc_column][\/vc_row][vc_row css=&#8221;.vc_custom_1547817466497{margin-top: 50px !important;margin-bottom: 50px !important;}&#8221;][vc_column width=&#8221;1\/3&#8243;][vc_column_text] Rifugio\" \/>\n<meta property=\"og:url\" content=\"https:\/\/rifugiodorigoni.it\/en\/salite-in-quota\/\" \/>\n<meta property=\"og:site_name\" content=\"Rifugio Dorigoni | 2.436 M\" \/>\n<meta name=\"twitter:card\" content=\"summary_large_image\" \/>\n<meta name=\"twitter:label1\" content=\"Est. reading time\" \/>\n\t<meta name=\"twitter:data1\" content=\"3 minutes\" \/>\n<script type=\"application\/ld+json\" class=\"yoast-schema-graph\">{\"@context\":\"https:\\\/\\\/schema.org\",\"@graph\":[{\"@type\":\"WebPage\",\"@id\":\"https:\\\/\\\/rifugiodorigoni.it\\\/en\\\/salite-in-quota\\\/\",\"url\":\"https:\\\/\\\/rifugiodorigoni.it\\\/en\\\/salite-in-quota\\\/\",\"name\":\"Le Alte Quote - Rifugio Dorigoni | 2.436 M\",\"isPartOf\":{\"@id\":\"https:\\\/\\\/rifugiodorigoni.it\\\/#website\"},\"datePublished\":\"2020-02-03T13:55:02+00:00\",\"breadcrumb\":{\"@id\":\"https:\\\/\\\/rifugiodorigoni.it\\\/en\\\/salite-in-quota\\\/#breadcrumb\"},\"inLanguage\":\"en-US\",\"potentialAction\":[{\"@type\":\"ReadAction\",\"target\":[\"https:\\\/\\\/rifugiodorigoni.it\\\/en\\\/salite-in-quota\\\/\"]}]},{\"@type\":\"BreadcrumbList\",\"@id\":\"https:\\\/\\\/rifugiodorigoni.it\\\/en\\\/salite-in-quota\\\/#breadcrumb\",\"itemListElement\":[{\"@type\":\"ListItem\",\"position\":1,\"name\":\"Home\",\"item\":\"https:\\\/\\\/rifugiodorigoni.it\\\/en\\\/\"},{\"@type\":\"ListItem\",\"position\":2,\"name\":\"Le Alte Quote\"}]},{\"@type\":\"WebSite\",\"@id\":\"https:\\\/\\\/rifugiodorigoni.it\\\/#website\",\"url\":\"https:\\\/\\\/rifugiodorigoni.it\\\/\",\"name\":\"Rifugio Dorigoni | 2.436 M\",\"description\":\"Natural Alpine Experience\",\"publisher\":{\"@id\":\"https:\\\/\\\/rifugiodorigoni.it\\\/#organization\"},\"potentialAction\":[{\"@type\":\"SearchAction\",\"target\":{\"@type\":\"EntryPoint\",\"urlTemplate\":\"https:\\\/\\\/rifugiodorigoni.it\\\/?s={search_term_string}\"},\"query-input\":{\"@type\":\"PropertyValueSpecification\",\"valueRequired\":true,\"valueName\":\"search_term_string\"}}],\"inLanguage\":\"en-US\"},{\"@type\":\"Organization\",\"@id\":\"https:\\\/\\\/rifugiodorigoni.it\\\/#organization\",\"name\":\"Rifugio Dorigoni\",\"url\":\"https:\\\/\\\/rifugiodorigoni.it\\\/\",\"logo\":{\"@type\":\"ImageObject\",\"inLanguage\":\"en-US\",\"@id\":\"https:\\\/\\\/rifugiodorigoni.it\\\/#\\\/schema\\\/logo\\\/image\\\/\",\"url\":\"https:\\\/\\\/rifugiodorigoni.it\\\/wp-content\\\/uploads\\\/2020\\\/03\\\/rifugio-dorigoni-sat.svg\",\"contentUrl\":\"https:\\\/\\\/rifugiodorigoni.it\\\/wp-content\\\/uploads\\\/2020\\\/03\\\/rifugio-dorigoni-sat.svg\",\"width\":1,\"height\":1,\"caption\":\"Rifugio Dorigoni\"},\"image\":{\"@id\":\"https:\\\/\\\/rifugiodorigoni.it\\\/#\\\/schema\\\/logo\\\/image\\\/\"}}]}<\/script>\n<!-- \/ Yoast SEO plugin. -->","yoast_head_json":{"title":"Le Alte Quote - Rifugio Dorigoni | 2.436 M","robots":{"index":"index","follow":"follow","max-snippet":"max-snippet:-1","max-image-preview":"max-image-preview:large","max-video-preview":"max-video-preview:-1"},"canonical":"https:\/\/rifugiodorigoni.it\/en\/salite-in-quota\/","og_locale":"en_US","og_type":"article","og_title":"Le Alte Quote - Rifugio Dorigoni | 2.436 M","og_description":"[vc_row][vc_column][vc_single_image image=&#8221;777&#8243; img_size=&#8221;full&#8221; alignment=&#8221;center&#8221; style=&#8221;vc_box_shadow_3d&#8221;][\/vc_column][\/vc_row][vc_row css=&#8221;.vc_custom_1547817466497{margin-top: 50px !important;margin-bottom: 50px !important;}&#8221;][vc_column][vc_column_text css=&#8221;.vc_custom_1583089704525{margin-bottom: 50px !important;}&#8221;] Le Alte Quote Emozionanti Salite dai panorami grandiosi! [\/vc_column_text][\/vc_column][\/vc_row][vc_row css=&#8221;.vc_custom_1547817466497{margin-top: 50px !important;margin-bottom: 50px !important;}&#8221;][vc_column width=&#8221;1\/3&#8243;][vc_column_text] Rifugio Dorigoni &#8211; Cima Sternai Settentrionale, 3444 m [\/vc_column_text][vc_raw_js]JTNDc2NyaXB0JTIwdHlwZSUzRCUyMnRleHQlMkZqYXZhc2NyaXB0JTIyJTIwc3JjJTNEJTIyaHR0cHMlM0ElMkYlMkZ3d3cub3V0ZG9vcmFjdGl2ZS5jb20lMkZpdCUyRmVtYmVkJTJGMjI1MzYxMDklMkZqcyUzRm13JTNEdHJ1ZSUyMiUzRSUzQyUyRnNjcmlwdCUzRQ==[\/vc_raw_js][vc_empty_space][\/vc_column][vc_column width=&#8221;1\/3&#8243;][vc_column_text] Rifugio Dorigoni &#8211; Cima Rossa di Saent, 3347 m [\/vc_column_text][vc_raw_js]JTNDc2NyaXB0JTIwdHlwZSUzRCUyMnRleHQlMkZqYXZhc2NyaXB0JTIyJTIwc3JjJTNEJTIyaHR0cHMlM0ElMkYlMkZ3d3cub3V0ZG9vcmFjdGl2ZS5jb20lMkZpdCUyRmVtYmVkJTJGMjI2MTkzNTAlMkZqcyUzRm13JTNEdHJ1ZSUyMiUzRSUzQyUyRnNjcmlwdCUzRQ==[\/vc_raw_js][vc_empty_space][\/vc_column][\/vc_row][vc_row css=&#8221;.vc_custom_1547817466497{margin-top: 50px !important;margin-bottom: 50px !important;}&#8221;][vc_column width=&#8221;1\/3&#8243;][vc_column_text] Rifugio","og_url":"https:\/\/rifugiodorigoni.it\/en\/salite-in-quota\/","og_site_name":"Rifugio Dorigoni | 2.436 M","twitter_card":"summary_large_image","twitter_misc":{"Est. reading time":"3 minutes"},"schema":{"@context":"https:\/\/schema.org","@graph":[{"@type":"WebPage","@id":"https:\/\/rifugiodorigoni.it\/en\/salite-in-quota\/","url":"https:\/\/rifugiodorigoni.it\/en\/salite-in-quota\/","name":"Le Alte Quote - Rifugio Dorigoni | 2.436 M","isPartOf":{"@id":"https:\/\/rifugiodorigoni.it\/#website"},"datePublished":"2020-02-03T13:55:02+00:00","breadcrumb":{"@id":"https:\/\/rifugiodorigoni.it\/en\/salite-in-quota\/#breadcrumb"},"inLanguage":"en-US","potentialAction":[{"@type":"ReadAction","target":["https:\/\/rifugiodorigoni.it\/en\/salite-in-quota\/"]}]},{"@type":"BreadcrumbList","@id":"https:\/\/rifugiodorigoni.it\/en\/salite-in-quota\/#breadcrumb","itemListElement":[{"@type":"ListItem","position":1,"name":"Home","item":"https:\/\/rifugiodorigoni.it\/en\/"},{"@type":"ListItem","position":2,"name":"Le Alte Quote"}]},{"@type":"WebSite","@id":"https:\/\/rifugiodorigoni.it\/#website","url":"https:\/\/rifugiodorigoni.it\/","name":"Rifugio Dorigoni | 2.436 M","description":"Natural Alpine Experience","publisher":{"@id":"https:\/\/rifugiodorigoni.it\/#organization"},"potentialAction":[{"@type":"SearchAction","target":{"@type":"EntryPoint","urlTemplate":"https:\/\/rifugiodorigoni.it\/?s={search_term_string}"},"query-input":{"@type":"PropertyValueSpecification","valueRequired":true,"valueName":"search_term_string"}}],"inLanguage":"en-US"},{"@type":"Organization","@id":"https:\/\/rifugiodorigoni.it\/#organization","name":"Rifugio Dorigoni","url":"https:\/\/rifugiodorigoni.it\/","logo":{"@type":"ImageObject","inLanguage":"en-US","@id":"https:\/\/rifugiodorigoni.it\/#\/schema\/logo\/image\/","url":"https:\/\/rifugiodorigoni.it\/wp-content\/uploads\/2020\/03\/rifugio-dorigoni-sat.svg","contentUrl":"https:\/\/rifugiodorigoni.it\/wp-content\/uploads\/2020\/03\/rifugio-dorigoni-sat.svg","width":1,"height":1,"caption":"Rifugio Dorigoni"},"image":{"@id":"https:\/\/rifugiodorigoni.it\/#\/schema\/logo\/image\/"}}]}},"_links":{"self":[{"href":"https:\/\/rifugiodorigoni.it\/en\/wp-json\/wp\/v2\/pages\/1961","targetHints":{"allow":["GET"]}}],"collection":[{"href":"https:\/\/rifugiodorigoni.it\/en\/wp-json\/wp\/v2\/pages"}],"about":[{"href":"https:\/\/rifugiodorigoni.it\/en\/wp-json\/wp\/v2\/types\/page"}],"author":[{"embeddable":true,"href":"https:\/\/rifugiodorigoni.it\/en\/wp-json\/wp\/v2\/users\/2"}],"replies":[{"embeddable":true,"href":"https:\/\/rifugiodorigoni.it\/en\/wp-json\/wp\/v2\/comments?post=1961"}],"version-history":[{"count":0,"href":"https:\/\/rifugiodorigoni.it\/en\/wp-json\/wp\/v2\/pages\/1961\/revisions"}],"wp:attachment":[{"href":"https:\/\/rifugiodorigoni.it\/en\/wp-json\/wp\/v2\/media?parent=1961"}],"curies":[{"name":"wp","href":"https:\/\/api.w.org\/{rel}","templated":true}]}}