{"id":1999,"date":"2019-04-18T14:17:25","date_gmt":"2019-04-18T12:17:25","guid":{"rendered":"https:\/\/rifugiodorigoni.it\/attivita\/salite-in-quota\/dal-rifugio-dorigoni-alla-cima-saent-3215-m\/"},"modified":"2019-04-18T14:17:25","modified_gmt":"2019-04-18T12:17:25","slug":"dal-rifugio-dorigoni-alla-cima-saent-3215-m","status":"publish","type":"page","link":"https:\/\/rifugiodorigoni.it\/en\/attivita\/salite-in-quota\/dal-rifugio-dorigoni-alla-cima-saent-3215-m\/","title":{"rendered":"Dal Rifugio Dorigoni alla Cima Sa\u00e8nt (3215 m)"},"content":{"rendered":"<div class=\"wpb-content-wrapper\"><p>[vc_row][vc_column][vc_single_image image=&#8221;877&#8243; img_size=&#8221;full&#8221; alignment=&#8221;center&#8221; style=&#8221;vc_box_shadow_3d&#8221; onclick=&#8221;link_image&#8221;][\/vc_column][\/vc_row][vc_row css=&#8221;.vc_custom_1547817466497{margin-top: 50px !important;margin-bottom: 50px !important;}&#8221;][vc_column][vc_column_text]<\/p>\n<h5>Salite in quota<\/h5>\n<h3>Dal Rifugio Dorigoni alla Cima Sa\u00e8nt (3215 m)<\/h3>\n<p>Il percorso \u00e8 dedicato a tutti quelli che vogliono cimentarsi in un percorso un p\u00f2 diverso, pi\u00f9 divertente e dinamico che ricompensa la fatica offrendo dei magnifici panorami.<\/p>\n<p>Si tratta di una semplice via attrezzata accessibile a tutti purch\u00e9 muniti di corda e di un minimo di conoscenza e di esperienza sulle vie in cresta.<\/p>\n<p>Partendo dal Rifugio si sale al Passo Saent (2965 m) seguendo il semplice e ben segnato sentiero n\u00b0 101. Da qui si prosegue tenendo la destra su un percorso tutto in cresta accuratamente attrezzato con riccioli di metallo nei punti pi\u00f9 difficili.<\/p>\n<p>Man mano che ci si avvicina alla cima il panorama si apre a 360\u00b0 permettendo di ammirare sia il gruppo dell&#8217;Ortles-Cevedale, che l&#8217;Adamello-Brenta in tutta la loro maestosit\u00e0.<\/p>\n<p>La discesa \u00e8 possibile per il medesimo percorso o lungo un tracciato morenico che parte a destra della cima stessa e che si ricollega al sentiero dei laghetti Sternai.<\/p>\n<h5>Informazioni<\/h5>\n<table width=\"100%\">\n<tbody>\n<tr>\n<td><strong><i class=\"rdicon-tempo\">\u00a0<\/i> Tempo di percorrenza:<\/strong> 3 h<\/td>\n<\/tr>\n<tr>\n<td><strong><i class=\"rdicon-salita\">\u00a0<\/i> Dislivello in salita:<\/strong> 779 m<\/td>\n<\/tr>\n<tr>\n<td><strong><i class=\"rdicon-discesa\">\u00a0<\/i> Dislivello in discesa:<\/strong> 779 m<\/td>\n<\/tr>\n<tr>\n<td><strong><i class=\"rdicon-esposizione\">\u00a0<\/i> Esposizione:<\/strong> S-E\/N<\/td>\n<\/tr>\n<tr>\n<td><strong><i class=\"rdicon-difficolta\">\u00a0<\/i> Difficolt\u00e0:<\/strong> Salita alpinistica con tratti di arrampicata su roccia e\/o ghiaccio (conoscenza delle tecniche fondamentali di progressione e assicurazione)<\/td>\n<\/tr>\n<tr>\n<td><strong><i class=\"rdicon-preparazione\">\u00a0<\/i> Preparazione fisica:<\/strong> Escursionista &#8211; alpinista allenato (400 m di dislivello all&#8217;ora in salita)<\/td>\n<\/tr>\n<tr>\n<td><strong><i class=\"rdicon-attrezzatura\">\u00a0<\/i> Attrezzatura:<\/strong> Scarpe ramponabili, corda, imbragatura, piccozza, ramponi, zaino, borraccia, abbigliamento da alta montagna, guanti, berretto, occhiali e crema da sole, carta topografica, bussola e\/o gps<\/td>\n<\/tr>\n<\/tbody>\n<\/table>\n<p>[\/vc_column_text][vc_column_text css=&#8221;.vc_custom_1555589844180{margin-top: 40px !important;}&#8221;]<\/p>\n\n\t\t<style type=\"text\/css\">\n\t\t\t#gallery-1 {\n\t\t\t\tmargin: auto;\n\t\t\t}\n\t\t\t#gallery-1 .gallery-item {\n\t\t\t\tfloat: left;\n\t\t\t\tmargin-top: 10px;\n\t\t\t\ttext-align: center;\n\t\t\t\twidth: 33%;\n\t\t\t}\n\t\t\t#gallery-1 img {\n\t\t\t\tborder: 2px solid #cfcfcf;\n\t\t\t}\n\t\t\t#gallery-1 .gallery-caption {\n\t\t\t\tmargin-left: 0;\n\t\t\t}\n\t\t\t\/* see gallery_shortcode() in wp-includes\/media.php *\/\n\t\t<\/style>\n\t\t<div id='gallery-1' class='gallery galleryid-1999 gallery-columns-3 gallery-size-thumbnail'><dl class='gallery-item'>\n\t\t\t<dt class='gallery-icon landscape'>\n\t\t\t\t<a href='https:\/\/rifugiodorigoni.it\/wp-content\/uploads\/2019\/04\/cima_saent_02.jpg'><img loading=\"lazy\" decoding=\"async\" width=\"150\" height=\"150\" src=\"https:\/\/rifugiodorigoni.it\/wp-content\/uploads\/2019\/04\/cima_saent_02-150x150.jpg\" class=\"attachment-thumbnail size-thumbnail\" alt=\"\" aria-describedby=\"gallery-1-1794\" srcset=\"https:\/\/rifugiodorigoni.it\/wp-content\/uploads\/2019\/04\/cima_saent_02-150x150.jpg 150w, https:\/\/rifugiodorigoni.it\/wp-content\/uploads\/2019\/04\/cima_saent_02-268x268.jpg 268w, https:\/\/rifugiodorigoni.it\/wp-content\/uploads\/2019\/04\/cima_saent_02-75x75.jpg 75w, https:\/\/rifugiodorigoni.it\/wp-content\/uploads\/2019\/04\/cima_saent_02-80x80.jpg 80w, https:\/\/rifugiodorigoni.it\/wp-content\/uploads\/2019\/04\/cima_saent_02-100x100.jpg 100w\" sizes=\"auto, (max-width: 150px) 100vw, 150px\" \/><\/a>\n\t\t\t<\/dt>\n\t\t\t\t<dd class='wp-caption-text gallery-caption' id='gallery-1-1794'>\n\t\t\t\tRifugio Dorigoni | Via ferrata\n\t\t\t\t<\/dd><\/dl><dl class='gallery-item'>\n\t\t\t<dt class='gallery-icon landscape'>\n\t\t\t\t<a href='https:\/\/rifugiodorigoni.it\/wp-content\/uploads\/2019\/04\/cima_saent.jpg'><img loading=\"lazy\" decoding=\"async\" width=\"150\" height=\"150\" src=\"https:\/\/rifugiodorigoni.it\/wp-content\/uploads\/2019\/04\/cima_saent-150x150.jpg\" class=\"attachment-thumbnail size-thumbnail\" alt=\"\" aria-describedby=\"gallery-1-1795\" srcset=\"https:\/\/rifugiodorigoni.it\/wp-content\/uploads\/2019\/04\/cima_saent-150x150.jpg 150w, https:\/\/rifugiodorigoni.it\/wp-content\/uploads\/2019\/04\/cima_saent-268x268.jpg 268w, https:\/\/rifugiodorigoni.it\/wp-content\/uploads\/2019\/04\/cima_saent-75x75.jpg 75w, https:\/\/rifugiodorigoni.it\/wp-content\/uploads\/2019\/04\/cima_saent-80x80.jpg 80w, https:\/\/rifugiodorigoni.it\/wp-content\/uploads\/2019\/04\/cima_saent-100x100.jpg 100w\" sizes=\"auto, (max-width: 150px) 100vw, 150px\" \/><\/a>\n\t\t\t<\/dt>\n\t\t\t\t<dd class='wp-caption-text gallery-caption' id='gallery-1-1795'>\n\t\t\t\tRifugio Dorigoni | Parco Nazionale dello Stelvio &#8211; Percorso attrezzato del Saent\n\t\t\t\t<\/dd><\/dl>\n\t\t\t<br style='clear: both' \/>\n\t\t<\/div>\n\n<p>[\/vc_column_text][\/vc_column][\/vc_row]<\/p>\n<\/div>","protected":false},"excerpt":{"rendered":"<p>[vc_row][vc_column][vc_single_image image=&#8221;877&#8243; img_size=&#8221;full&#8221; alignment=&#8221;center&#8221; style=&#8221;vc_box_shadow_3d&#8221; onclick=&#8221;link_image&#8221;][\/vc_column][\/vc_row][vc_row css=&#8221;.vc_custom_1547817466497{margin-top: 50px !important;margin-bottom: 50px !important;}&#8221;][vc_column][vc_column_text] Salite in quota Dal Rifugio Dorigoni alla Cima Sa\u00e8nt (3215 m) Il percorso \u00e8 dedicato a tutti quelli che vogliono cimentarsi in un percorso un p\u00f2 diverso, pi\u00f9 divertente e dinamico che ricompensa la fatica offrendo dei magnifici panorami. Si tratta di una semplice<\/p>\n","protected":false},"author":1,"featured_media":0,"parent":1996,"menu_order":0,"comment_status":"closed","ping_status":"closed","template":"","meta":{"footnotes":""},"class_list":["post-1999","page","type-page","status-publish","hentry"],"yoast_head":"<!-- This site is optimized with the Yoast SEO plugin v27.3 - https:\/\/yoast.com\/product\/yoast-seo-wordpress\/ -->\n<title>Dal Rifugio Dorigoni alla Cima Sa\u00e8nt (3215 m) - Rifugio Dorigoni | 2.436 M<\/title>\n<meta name=\"robots\" content=\"index, follow, max-snippet:-1, max-image-preview:large, max-video-preview:-1\" \/>\n<link rel=\"canonical\" href=\"https:\/\/rifugiodorigoni.it\/en\/attivita\/salite-in-quota\/dal-rifugio-dorigoni-alla-cima-saent-3215-m\/\" \/>\n<meta property=\"og:locale\" content=\"en_US\" \/>\n<meta property=\"og:type\" content=\"article\" \/>\n<meta property=\"og:title\" content=\"Dal Rifugio Dorigoni alla Cima Sa\u00e8nt (3215 m) - Rifugio Dorigoni | 2.436 M\" \/>\n<meta property=\"og:description\" content=\"[vc_row][vc_column][vc_single_image image=&#8221;877&#8243; img_size=&#8221;full&#8221; alignment=&#8221;center&#8221; style=&#8221;vc_box_shadow_3d&#8221; onclick=&#8221;link_image&#8221;][\/vc_column][\/vc_row][vc_row css=&#8221;.vc_custom_1547817466497{margin-top: 50px !important;margin-bottom: 50px !important;}&#8221;][vc_column][vc_column_text] Salite in quota Dal Rifugio Dorigoni alla Cima Sa\u00e8nt (3215 m) Il percorso \u00e8 dedicato a tutti quelli che vogliono cimentarsi in un percorso un p\u00f2 diverso, pi\u00f9 divertente e dinamico che ricompensa la fatica offrendo dei magnifici panorami. Si tratta di una semplice\" \/>\n<meta property=\"og:url\" content=\"https:\/\/rifugiodorigoni.it\/en\/attivita\/salite-in-quota\/dal-rifugio-dorigoni-alla-cima-saent-3215-m\/\" \/>\n<meta property=\"og:site_name\" content=\"Rifugio Dorigoni | 2.436 M\" \/>\n<meta name=\"twitter:card\" content=\"summary_large_image\" \/>\n<meta name=\"twitter:label1\" content=\"Est. reading time\" \/>\n\t<meta name=\"twitter:data1\" content=\"1 minute\" \/>\n<script type=\"application\/ld+json\" class=\"yoast-schema-graph\">{\"@context\":\"https:\\\/\\\/schema.org\",\"@graph\":[{\"@type\":\"WebPage\",\"@id\":\"https:\\\/\\\/rifugiodorigoni.it\\\/en\\\/attivita\\\/salite-in-quota\\\/dal-rifugio-dorigoni-alla-cima-saent-3215-m\\\/\",\"url\":\"https:\\\/\\\/rifugiodorigoni.it\\\/en\\\/attivita\\\/salite-in-quota\\\/dal-rifugio-dorigoni-alla-cima-saent-3215-m\\\/\",\"name\":\"Dal Rifugio Dorigoni alla Cima Sa\u00e8nt (3215 m) - Rifugio Dorigoni | 2.436 M\",\"isPartOf\":{\"@id\":\"https:\\\/\\\/rifugiodorigoni.it\\\/#website\"},\"datePublished\":\"2019-04-18T12:17:25+00:00\",\"breadcrumb\":{\"@id\":\"https:\\\/\\\/rifugiodorigoni.it\\\/en\\\/attivita\\\/salite-in-quota\\\/dal-rifugio-dorigoni-alla-cima-saent-3215-m\\\/#breadcrumb\"},\"inLanguage\":\"en-US\",\"potentialAction\":[{\"@type\":\"ReadAction\",\"target\":[\"https:\\\/\\\/rifugiodorigoni.it\\\/en\\\/attivita\\\/salite-in-quota\\\/dal-rifugio-dorigoni-alla-cima-saent-3215-m\\\/\"]}]},{\"@type\":\"BreadcrumbList\",\"@id\":\"https:\\\/\\\/rifugiodorigoni.it\\\/en\\\/attivita\\\/salite-in-quota\\\/dal-rifugio-dorigoni-alla-cima-saent-3215-m\\\/#breadcrumb\",\"itemListElement\":[{\"@type\":\"ListItem\",\"position\":1,\"name\":\"Home\",\"item\":\"https:\\\/\\\/rifugiodorigoni.it\\\/en\\\/\"},{\"@type\":\"ListItem\",\"position\":2,\"name\":\"Le attivit\u00e0\",\"item\":\"https:\\\/\\\/rifugiodorigoni.it\\\/en\\\/attivita\\\/\"},{\"@type\":\"ListItem\",\"position\":3,\"name\":\"Salite in quota\",\"item\":\"https:\\\/\\\/rifugiodorigoni.it\\\/en\\\/attivita\\\/salite-in-quota\\\/\"},{\"@type\":\"ListItem\",\"position\":4,\"name\":\"Dal Rifugio Dorigoni alla Cima Sa\u00e8nt (3215 m)\"}]},{\"@type\":\"WebSite\",\"@id\":\"https:\\\/\\\/rifugiodorigoni.it\\\/#website\",\"url\":\"https:\\\/\\\/rifugiodorigoni.it\\\/\",\"name\":\"Rifugio Dorigoni | 2.436 M\",\"description\":\"Natural Alpine Experience\",\"publisher\":{\"@id\":\"https:\\\/\\\/rifugiodorigoni.it\\\/#organization\"},\"potentialAction\":[{\"@type\":\"SearchAction\",\"target\":{\"@type\":\"EntryPoint\",\"urlTemplate\":\"https:\\\/\\\/rifugiodorigoni.it\\\/?s={search_term_string}\"},\"query-input\":{\"@type\":\"PropertyValueSpecification\",\"valueRequired\":true,\"valueName\":\"search_term_string\"}}],\"inLanguage\":\"en-US\"},{\"@type\":\"Organization\",\"@id\":\"https:\\\/\\\/rifugiodorigoni.it\\\/#organization\",\"name\":\"Rifugio Dorigoni\",\"url\":\"https:\\\/\\\/rifugiodorigoni.it\\\/\",\"logo\":{\"@type\":\"ImageObject\",\"inLanguage\":\"en-US\",\"@id\":\"https:\\\/\\\/rifugiodorigoni.it\\\/#\\\/schema\\\/logo\\\/image\\\/\",\"url\":\"https:\\\/\\\/rifugiodorigoni.it\\\/wp-content\\\/uploads\\\/2020\\\/03\\\/rifugio-dorigoni-sat.svg\",\"contentUrl\":\"https:\\\/\\\/rifugiodorigoni.it\\\/wp-content\\\/uploads\\\/2020\\\/03\\\/rifugio-dorigoni-sat.svg\",\"width\":1,\"height\":1,\"caption\":\"Rifugio Dorigoni\"},\"image\":{\"@id\":\"https:\\\/\\\/rifugiodorigoni.it\\\/#\\\/schema\\\/logo\\\/image\\\/\"}}]}<\/script>\n<!-- \/ Yoast SEO plugin. -->","yoast_head_json":{"title":"Dal Rifugio Dorigoni alla Cima Sa\u00e8nt (3215 m) - Rifugio Dorigoni | 2.436 M","robots":{"index":"index","follow":"follow","max-snippet":"max-snippet:-1","max-image-preview":"max-image-preview:large","max-video-preview":"max-video-preview:-1"},"canonical":"https:\/\/rifugiodorigoni.it\/en\/attivita\/salite-in-quota\/dal-rifugio-dorigoni-alla-cima-saent-3215-m\/","og_locale":"en_US","og_type":"article","og_title":"Dal Rifugio Dorigoni alla Cima Sa\u00e8nt (3215 m) - Rifugio Dorigoni | 2.436 M","og_description":"[vc_row][vc_column][vc_single_image image=&#8221;877&#8243; img_size=&#8221;full&#8221; alignment=&#8221;center&#8221; style=&#8221;vc_box_shadow_3d&#8221; onclick=&#8221;link_image&#8221;][\/vc_column][\/vc_row][vc_row css=&#8221;.vc_custom_1547817466497{margin-top: 50px !important;margin-bottom: 50px !important;}&#8221;][vc_column][vc_column_text] Salite in quota Dal Rifugio Dorigoni alla Cima Sa\u00e8nt (3215 m) Il percorso \u00e8 dedicato a tutti quelli che vogliono cimentarsi in un percorso un p\u00f2 diverso, pi\u00f9 divertente e dinamico che ricompensa la fatica offrendo dei magnifici panorami. Si tratta di una semplice","og_url":"https:\/\/rifugiodorigoni.it\/en\/attivita\/salite-in-quota\/dal-rifugio-dorigoni-alla-cima-saent-3215-m\/","og_site_name":"Rifugio Dorigoni | 2.436 M","twitter_card":"summary_large_image","twitter_misc":{"Est. reading time":"1 minute"},"schema":{"@context":"https:\/\/schema.org","@graph":[{"@type":"WebPage","@id":"https:\/\/rifugiodorigoni.it\/en\/attivita\/salite-in-quota\/dal-rifugio-dorigoni-alla-cima-saent-3215-m\/","url":"https:\/\/rifugiodorigoni.it\/en\/attivita\/salite-in-quota\/dal-rifugio-dorigoni-alla-cima-saent-3215-m\/","name":"Dal Rifugio Dorigoni alla Cima Sa\u00e8nt (3215 m) - Rifugio Dorigoni | 2.436 M","isPartOf":{"@id":"https:\/\/rifugiodorigoni.it\/#website"},"datePublished":"2019-04-18T12:17:25+00:00","breadcrumb":{"@id":"https:\/\/rifugiodorigoni.it\/en\/attivita\/salite-in-quota\/dal-rifugio-dorigoni-alla-cima-saent-3215-m\/#breadcrumb"},"inLanguage":"en-US","potentialAction":[{"@type":"ReadAction","target":["https:\/\/rifugiodorigoni.it\/en\/attivita\/salite-in-quota\/dal-rifugio-dorigoni-alla-cima-saent-3215-m\/"]}]},{"@type":"BreadcrumbList","@id":"https:\/\/rifugiodorigoni.it\/en\/attivita\/salite-in-quota\/dal-rifugio-dorigoni-alla-cima-saent-3215-m\/#breadcrumb","itemListElement":[{"@type":"ListItem","position":1,"name":"Home","item":"https:\/\/rifugiodorigoni.it\/en\/"},{"@type":"ListItem","position":2,"name":"Le attivit\u00e0","item":"https:\/\/rifugiodorigoni.it\/en\/attivita\/"},{"@type":"ListItem","position":3,"name":"Salite in quota","item":"https:\/\/rifugiodorigoni.it\/en\/attivita\/salite-in-quota\/"},{"@type":"ListItem","position":4,"name":"Dal Rifugio Dorigoni alla Cima Sa\u00e8nt (3215 m)"}]},{"@type":"WebSite","@id":"https:\/\/rifugiodorigoni.it\/#website","url":"https:\/\/rifugiodorigoni.it\/","name":"Rifugio Dorigoni | 2.436 M","description":"Natural Alpine Experience","publisher":{"@id":"https:\/\/rifugiodorigoni.it\/#organization"},"potentialAction":[{"@type":"SearchAction","target":{"@type":"EntryPoint","urlTemplate":"https:\/\/rifugiodorigoni.it\/?s={search_term_string}"},"query-input":{"@type":"PropertyValueSpecification","valueRequired":true,"valueName":"search_term_string"}}],"inLanguage":"en-US"},{"@type":"Organization","@id":"https:\/\/rifugiodorigoni.it\/#organization","name":"Rifugio Dorigoni","url":"https:\/\/rifugiodorigoni.it\/","logo":{"@type":"ImageObject","inLanguage":"en-US","@id":"https:\/\/rifugiodorigoni.it\/#\/schema\/logo\/image\/","url":"https:\/\/rifugiodorigoni.it\/wp-content\/uploads\/2020\/03\/rifugio-dorigoni-sat.svg","contentUrl":"https:\/\/rifugiodorigoni.it\/wp-content\/uploads\/2020\/03\/rifugio-dorigoni-sat.svg","width":1,"height":1,"caption":"Rifugio Dorigoni"},"image":{"@id":"https:\/\/rifugiodorigoni.it\/#\/schema\/logo\/image\/"}}]}},"_links":{"self":[{"href":"https:\/\/rifugiodorigoni.it\/en\/wp-json\/wp\/v2\/pages\/1999","targetHints":{"allow":["GET"]}}],"collection":[{"href":"https:\/\/rifugiodorigoni.it\/en\/wp-json\/wp\/v2\/pages"}],"about":[{"href":"https:\/\/rifugiodorigoni.it\/en\/wp-json\/wp\/v2\/types\/page"}],"author":[{"embeddable":true,"href":"https:\/\/rifugiodorigoni.it\/en\/wp-json\/wp\/v2\/users\/1"}],"replies":[{"embeddable":true,"href":"https:\/\/rifugiodorigoni.it\/en\/wp-json\/wp\/v2\/comments?post=1999"}],"version-history":[{"count":0,"href":"https:\/\/rifugiodorigoni.it\/en\/wp-json\/wp\/v2\/pages\/1999\/revisions"}],"up":[{"embeddable":true,"href":"https:\/\/rifugiodorigoni.it\/en\/wp-json\/wp\/v2\/pages\/1996"}],"wp:attachment":[{"href":"https:\/\/rifugiodorigoni.it\/en\/wp-json\/wp\/v2\/media?parent=1999"}],"curies":[{"name":"wp","href":"https:\/\/api.w.org\/{rel}","templated":true}]}}